{"id":10470,"date":"2019-04-01T08:44:03","date_gmt":"2019-04-01T06:44:03","guid":{"rendered":"http:\/\/ascheffel.athletico-buedelsdorf.de\/?page_id=10470"},"modified":"2019-04-01T08:44:04","modified_gmt":"2019-04-01T06:44:04","slug":"das-doppel-highlight-2019-ascheffel-rodekro","status":"publish","type":"page","link":"http:\/\/rund-um-ascheffel.de\/?page_id=10470","title":{"rendered":"Das Doppel-Highlight 2019 : &#8222;Ascheffel&#8220; &#8211; &#8222;R\u00f8dekro&#8220;"},"content":{"rendered":"\n<p>Ein <strong>Start <\/strong>ist auch von unserer (deutschen) Seite aus <strong>in\nD\u00e4nemark erw\u00fcnscht<\/strong> ; letztendlich \u00fcberleben unsere Radrennen nur mit\neiner grenz-\u00fcberschreitenden Kooperation !<\/p>\n","protected":false},"excerpt":{"rendered":"<p>Ein Start ist auch von unserer (deutschen) Seite aus in D\u00e4nemark erw\u00fcnscht ; letztendlich \u00fcberleben unsere Radrennen nur mit einer grenz-\u00fcberschreitenden Kooperation !<\/p>\n","protected":false},"author":2,"featured_media":0,"parent":0,"menu_order":0,"comment_status":"closed","ping_status":"closed","template":"","meta":{"ngg_post_thumbnail":0},"_links":{"self":[{"href":"http:\/\/rund-um-ascheffel.de\/index.php?rest_route=\/wp\/v2\/pages\/10470"}],"collection":[{"href":"http:\/\/rund-um-ascheffel.de\/index.php?rest_route=\/wp\/v2\/pages"}],"about":[{"href":"http:\/\/rund-um-ascheffel.de\/index.php?rest_route=\/wp\/v2\/types\/page"}],"author":[{"embeddable":true,"href":"http:\/\/rund-um-ascheffel.de\/index.php?rest_route=\/wp\/v2\/users\/2"}],"replies":[{"embeddable":true,"href":"http:\/\/rund-um-ascheffel.de\/index.php?rest_route=%2Fwp%2Fv2%2Fcomments&post=10470"}],"version-history":[{"count":1,"href":"http:\/\/rund-um-ascheffel.de\/index.php?rest_route=\/wp\/v2\/pages\/10470\/revisions"}],"predecessor-version":[{"id":10471,"href":"http:\/\/rund-um-ascheffel.de\/index.php?rest_route=\/wp\/v2\/pages\/10470\/revisions\/10471"}],"wp:attachment":[{"href":"http:\/\/rund-um-ascheffel.de\/index.php?rest_route=%2Fwp%2Fv2%2Fmedia&parent=10470"}],"curies":[{"name":"wp","href":"https:\/\/api.w.org\/{rel}","templated":true}]}}