{"id":9534,"date":"2017-05-02T11:01:15","date_gmt":"2017-05-02T09:01:15","guid":{"rendered":"http:\/\/ascheffel.athletico-buedelsdorf.de\/?page_id=9534"},"modified":"2017-05-02T11:01:15","modified_gmt":"2017-05-02T09:01:15","slug":"rund-um-ascheffel-2017-schirmherr-daniel-guenther-danke","status":"publish","type":"page","link":"http:\/\/rund-um-ascheffel.de\/?page_id=9534","title":{"rendered":"&#8222;Rund um Ascheffel 2017&#8220; &#8211; Schirmherr Daniel G\u00fcnther &#8230; danke !"},"content":{"rendered":"<div id=\"attachment_8766\" class=\"wp-caption alignleft\"><img loading=\"lazy\" class=\" wp-image-8766\" src=\"http:\/\/ascheffel.athletico-buedelsdorf.de\/wp-content\/uploads\/2014\/08\/Daniel-G%C3%BCnther2-271x300.jpg\" sizes=\"(max-width: 184px) 100vw, 184px\" srcset=\"http:\/\/ascheffel.athletico-buedelsdorf.de\/wp-content\/uploads\/2014\/08\/Daniel-G\u00fcnther2-271x300.jpg 271w, http:\/\/ascheffel.athletico-buedelsdorf.de\/wp-content\/uploads\/2014\/08\/Daniel-G\u00fcnther2.jpg 381w\" alt=\"\" width=\"184\" height=\"204\"><\/p>\n<p class=\"wp-caption-text\">Herr Daniel G\u00fcnther, eventuell bald Minister-Pr\u00e4sident in Schleswig-Holstein<\/p>\n<\/div>\n<p>Wir sind froh, wieder <strong>Herrn Daniel G\u00fcnther<\/strong><\/p>\n<p>als <strong>Schirmherr<\/strong> gewonnen zu haben.<\/p>\n<p>Er ist der Kandidat der CDU<\/p>\n<p>f\u00fcr den Minister-Pr\u00e4sidenten Schleswig-Holsteins<\/p>\n<p>(Wahl zum \u201eLandtag\u201c am So., den 07.05.2017).<\/p>\n<p>&nbsp;<\/p>\n<p>&nbsp;<\/p>\n","protected":false},"excerpt":{"rendered":"<p>Herr Daniel G\u00fcnther, eventuell bald Minister-Pr\u00e4sident in Schleswig-Holstein Wir sind froh, wieder Herrn Daniel G\u00fcnther als Schirmherr gewonnen zu haben. Er ist der Kandidat der CDU f\u00fcr den Minister-Pr\u00e4sidenten Schleswig-Holsteins (Wahl zum \u201eLandtag\u201c am&#46;&#46;&#46;<\/p>\n","protected":false},"author":2,"featured_media":0,"parent":0,"menu_order":0,"comment_status":"closed","ping_status":"closed","template":"","meta":{"ngg_post_thumbnail":0},"_links":{"self":[{"href":"http:\/\/rund-um-ascheffel.de\/index.php?rest_route=\/wp\/v2\/pages\/9534"}],"collection":[{"href":"http:\/\/rund-um-ascheffel.de\/index.php?rest_route=\/wp\/v2\/pages"}],"about":[{"href":"http:\/\/rund-um-ascheffel.de\/index.php?rest_route=\/wp\/v2\/types\/page"}],"author":[{"embeddable":true,"href":"http:\/\/rund-um-ascheffel.de\/index.php?rest_route=\/wp\/v2\/users\/2"}],"replies":[{"embeddable":true,"href":"http:\/\/rund-um-ascheffel.de\/index.php?rest_route=%2Fwp%2Fv2%2Fcomments&post=9534"}],"version-history":[{"count":1,"href":"http:\/\/rund-um-ascheffel.de\/index.php?rest_route=\/wp\/v2\/pages\/9534\/revisions"}],"predecessor-version":[{"id":9535,"href":"http:\/\/rund-um-ascheffel.de\/index.php?rest_route=\/wp\/v2\/pages\/9534\/revisions\/9535"}],"wp:attachment":[{"href":"http:\/\/rund-um-ascheffel.de\/index.php?rest_route=%2Fwp%2Fv2%2Fmedia&parent=9534"}],"curies":[{"name":"wp","href":"https:\/\/api.w.org\/{rel}","templated":true}]}}