{"id":9573,"date":"2017-08-17T07:59:16","date_gmt":"2017-08-17T05:59:16","guid":{"rendered":"http:\/\/ascheffel.athletico-buedelsdorf.de\/?page_id=9573"},"modified":"2017-08-17T07:59:16","modified_gmt":"2017-08-17T05:59:16","slug":"rund-um-ascheffel-2017-kommentare","status":"publish","type":"page","link":"http:\/\/rund-um-ascheffel.de\/?page_id=9573","title":{"rendered":"&#8222;Rund um Ascheffel 2017&#8220; Kommentare"},"content":{"rendered":"<ul>\n<li>Bj\u00f6rn ; 27.April 2017 10:31 Uhr<\/li>\n<\/ul>\n<p>Lieber Manfred Bartsch! Danke daf\u00fcr, dass hier auch einmal die Hintergr\u00fcnde f\u00fcr das Sterben solcher Traditionsrennen n\u00e4her erkl\u00e4rt werden. Ich glaube, dass leider auch die aktiven Sportler zuviele Dinge f\u00fcr selbstverst\u00e4ndlich halten und sich dann wundern, wenn es nur noch f\u00fcr 50 Runden auf dem 1 km-Kurs im verlassenen Industriegebiet reicht. Deshalb vielen Dank an den Orga-Team, dass Ihr so lange durchgehalten habt und ich lasse mir nicht nehmen, extra aus Hessen zu Eurer tollen Veranstaltung in die alte Heimat zu kommen. Beste Gr\u00fc\u00dfe, Bj\u00f6rn<\/p>\n<ul>\n<li><span style=\"color: #0000ff;\">Manfred Bartsch ; 27.April 2017 10:44 Uhr<\/span><\/li>\n<\/ul>\n<p><span style=\"color: #0000ff;\">Vielen Dank f\u00fcr Deinen Kommentar. \u2013 In der Tat glauben auch wir, da\u00df viele Radsportler nicht einmal erahnen, welchen Hick-Hack wir Organisatoren im Hintergrund aushalten mu\u00dften. V\u00f6llig unsinnige Vorw\u00fcrfe von Schlaumeiern \u201eDie bereichern sich mit dieser Veranstaltung !\u201c und \u00e4hnlichen K\u00e4se habe ich in meiner \u201eAscheffel stirbt\u201c-Zusammenfassung gar nicht aufgelistet. Aber was da fr\u00fcher \u00fcber uns in Mecker-Foren gepostet wurde, war einfach v\u00f6llig gaga. \u2013 Tja \u2026 nun geht es wohl nur noch \u201eRund um den Kirchturm\u201c.<\/span><\/p>\n<p>&#8230; &#8230; &#8230; &#8230;<\/p>\n<ul>\n<li>Bj\u00f6rn ; 28.April 2017 11:52 Uhr<\/li>\n<\/ul>\n<p>Lieber Holger, lieber Manfred,<br \/>\nich kann mich meinem (gleichnamigen) Sportskameraden nur anschlie\u00dfen: Rund um Ascheffel war und ist eine super Veranstaltung, mein sportliches Highlight des Jahres und gro\u00dfer Antrieb zum Training im Winter.<br \/>\nIch hatte jedes Jahr ein schlechtes Gewissen, f\u00fcr nur 20 Euro einfach den Spa\u00df abzugreifen und den Tag in vollen Z\u00fcgen zu genie\u00dfen.<br \/>\nLeider hat der Radsport eine zu geringe Lobby und ist auf Leute wie Euch angewiesen. Daher an dieser Stelle vielen Dank f\u00fcr Euren gro\u00dfartigen Einsatz!!!<\/p>\n","protected":false},"excerpt":{"rendered":"<p>Bj\u00f6rn ; 27.April 2017 10:31 Uhr Lieber Manfred Bartsch! Danke daf\u00fcr, dass hier auch einmal die Hintergr\u00fcnde f\u00fcr das Sterben solcher Traditionsrennen n\u00e4her erkl\u00e4rt werden. Ich glaube, dass leider auch die aktiven Sportler zuviele&#46;&#46;&#46;<\/p>\n","protected":false},"author":2,"featured_media":0,"parent":0,"menu_order":0,"comment_status":"closed","ping_status":"closed","template":"","meta":{"ngg_post_thumbnail":0},"_links":{"self":[{"href":"http:\/\/rund-um-ascheffel.de\/index.php?rest_route=\/wp\/v2\/pages\/9573"}],"collection":[{"href":"http:\/\/rund-um-ascheffel.de\/index.php?rest_route=\/wp\/v2\/pages"}],"about":[{"href":"http:\/\/rund-um-ascheffel.de\/index.php?rest_route=\/wp\/v2\/types\/page"}],"author":[{"embeddable":true,"href":"http:\/\/rund-um-ascheffel.de\/index.php?rest_route=\/wp\/v2\/users\/2"}],"replies":[{"embeddable":true,"href":"http:\/\/rund-um-ascheffel.de\/index.php?rest_route=%2Fwp%2Fv2%2Fcomments&post=9573"}],"version-history":[{"count":1,"href":"http:\/\/rund-um-ascheffel.de\/index.php?rest_route=\/wp\/v2\/pages\/9573\/revisions"}],"predecessor-version":[{"id":9574,"href":"http:\/\/rund-um-ascheffel.de\/index.php?rest_route=\/wp\/v2\/pages\/9573\/revisions\/9574"}],"wp:attachment":[{"href":"http:\/\/rund-um-ascheffel.de\/index.php?rest_route=%2Fwp%2Fv2%2Fmedia&parent=9573"}],"curies":[{"name":"wp","href":"https:\/\/api.w.org\/{rel}","templated":true}]}}