{"id":9674,"date":"2018-01-21T13:03:10","date_gmt":"2018-01-21T11:03:10","guid":{"rendered":"http:\/\/ascheffel.athletico-buedelsdorf.de\/?page_id=9674"},"modified":"2019-01-02T10:27:33","modified_gmt":"2019-01-02T08:27:33","slug":"auslands-start-genehmigung","status":"publish","type":"page","link":"http:\/\/rund-um-ascheffel.de\/?page_id=9674","title":{"rendered":"Auslands-Start-Genehmigung"},"content":{"rendered":"<p><strong>Auslands-Start-Genehmigung<\/strong> -&gt; Wieder mal so ein Ding, das kein Mensch versteht !<\/p>\n<p>Ihr k\u00f6nnt jederzeit und immer nach D\u00e4nemark ziehen, dort Arbeit aufnehmen &#8230; aber einfach dort Radfahren &#8230; nix da.<\/p>\n<p>Es gibt Landesverb\u00e4nde, die keinerlei Zickerei veranstalten und einen einfach jenseits der Grenze rumd\u00fcsen lassen. \u2013 Manche sehen es b\u00fcrokratisch eng. Grauslig.<\/p>\n<p>Ich habe noch NIE erlebt, da\u00df in D\u00e4nemark solch eine Genehmigung verlangt wurde !<\/p>\n<p><span style=\"color: #ff00ff;\">Kopie aus &#8222;Amtliche Nachrichten&#8220; bei rad-net &#8230; (das R\u00f8dekro-Rennen ist ein nationales, nicht internationales) :<br \/>\n<\/span><\/p>\n<p><em><span class=\"detail\">Bekanntmachung des Bund Deutscher Radfahrer*<br \/>\n<\/span><span class=\"detail\"><strong><span style=\"color: #0000ff;\">Frankfurt, 21. November 2018<\/span><\/strong><br \/>\n<\/span><span class=\"detailbold\">Beantragung von Auslandsstartgenehmigungen<\/span><\/em><\/p>\n<p><span class=\"detail\">Gem\u00e4\u00df UCI Reglement 1.2.052 muss bei einem Start im Ausland eine schriftliche Genehmigung des Verbandes beantragt werden, die nach Aufforderung des Kommiss\u00e4rs vorgelegt werden muss. Bei Nichtvorlage kann der zust\u00e4ndige Kommiss\u00e4r den Start verweigern.<\/span><\/p>\n<p>Diese Regelung betrifft sowohl Einzelfahrer, als auch regionale- und Vereinsmannschaften (ausgenommen sind bei der UCI angemeldete Mannschaften), die an Stra\u00dfen-, MTB-, BMX- Wettbewerben teilnehmen wollen.<\/p>\n<p>F\u00fcr die Teilnahme an Crossrennen im Ausland muss KEINE Auslandsstartgenehmigung beantragt und vorgelegt werden.<\/p>\n<p>F\u00fcr internationale Rennen im Ausland (Rennen des UCI Kalenders) muss die Auslandsstartgenehmigung \u00fcber die BDR-Gesch\u00e4ftsstelle beantragt werden (ausgef\u00fclltes Formular an: info@bdr-online.org senden).<\/p>\n<p><span style=\"color: #0000ff;\">F\u00fcr nationale Rennen im Ausland muss die Genehmigung beim Landesverband beantragt werden, \u00fcber den der\/die Sportler lizenziert sind.<\/span><\/p>\n<p>\u00dcber den BDR angemeldete Renngemeinschaften, Bundesligamannschaften und nat.<br \/>\nMTB Teams bekommen in Form der Teambest\u00e4tigung eine generelle Auslandsstartgenehmigung f\u00fcr die Saison ausgestellt.<\/p>\n<p>(Download auf www.rad-net unter Formulare)<\/p>\n<p><img loading=\"lazy\" src=\"https:\/\/www.rad-net.de\/html\/images\/pfeil.gif\" width=\"14\" height=\"9\" border=\"0\"><a href=\"https:\/\/www.rad-net.de\/html\/verwaltung\/formulare\/auslandsstartgenehmigung_2019.rtf\" target=\"_blank\" rel=\"noopener\">Formular f\u00fcr Auslandsstartgenehmigungen 2019 (word-Datei)<\/a><\/p>\n<p>gez.:<br \/>\nFalk Putzke-Schmidt, Referat Leistungssport<\/p>\n","protected":false},"excerpt":{"rendered":"<p>Auslands-Start-Genehmigung -&gt; Wieder mal so ein Ding, das kein Mensch versteht ! Ihr k\u00f6nnt jederzeit und immer nach D\u00e4nemark ziehen, dort Arbeit aufnehmen &#8230; aber einfach dort Radfahren &#8230; nix da. Es gibt Landesverb\u00e4nde,&#46;&#46;&#46;<\/p>\n","protected":false},"author":2,"featured_media":0,"parent":0,"menu_order":0,"comment_status":"closed","ping_status":"closed","template":"","meta":{"ngg_post_thumbnail":0},"_links":{"self":[{"href":"http:\/\/rund-um-ascheffel.de\/index.php?rest_route=\/wp\/v2\/pages\/9674"}],"collection":[{"href":"http:\/\/rund-um-ascheffel.de\/index.php?rest_route=\/wp\/v2\/pages"}],"about":[{"href":"http:\/\/rund-um-ascheffel.de\/index.php?rest_route=\/wp\/v2\/types\/page"}],"author":[{"embeddable":true,"href":"http:\/\/rund-um-ascheffel.de\/index.php?rest_route=\/wp\/v2\/users\/2"}],"replies":[{"embeddable":true,"href":"http:\/\/rund-um-ascheffel.de\/index.php?rest_route=%2Fwp%2Fv2%2Fcomments&post=9674"}],"version-history":[{"count":6,"href":"http:\/\/rund-um-ascheffel.de\/index.php?rest_route=\/wp\/v2\/pages\/9674\/revisions"}],"predecessor-version":[{"id":9979,"href":"http:\/\/rund-um-ascheffel.de\/index.php?rest_route=\/wp\/v2\/pages\/9674\/revisions\/9979"}],"wp:attachment":[{"href":"http:\/\/rund-um-ascheffel.de\/index.php?rest_route=%2Fwp%2Fv2%2Fmedia&parent=9674"}],"curies":[{"name":"wp","href":"https:\/\/api.w.org\/{rel}","templated":true}]}}