{"id":9919,"date":"2018-03-29T08:52:14","date_gmt":"2018-03-29T06:52:14","guid":{"rendered":"http:\/\/ascheffel.athletico-buedelsdorf.de\/?page_id=9919"},"modified":"2018-03-29T09:40:23","modified_gmt":"2018-03-29T07:40:23","slug":"rund-um-ascheffel-2018-aus-teilnehmersicht","status":"publish","type":"page","link":"http:\/\/rund-um-ascheffel.de\/?page_id=9919","title":{"rendered":"&#8222;Rund um Ascheffel 2018&#8220; &#8211; aus Teilnehmersicht"},"content":{"rendered":"<p><a href=\"http:\/\/www.rg-hamburg.de\/index.php?option=com_content&amp;view=article&amp;id=1319%3Afruehjahrsklassiker-rund-um-ascheffelq&amp;catid=3%3Arace&amp;Itemid=27\" target=\"_blank\" rel=\"noopener\"><strong>RG Hamburg berichtet \u00fcber &#8222;Rund um Ascheffel 2018&#8220;<\/strong><\/a><\/p>\n<p><a href=\"https:\/\/www.facebook.com\/pg\/CarlaNagelPhotographie\/photos\/?tab=album&amp;album_id=1510006295792762\" target=\"_blank\" rel=\"noopener\"><strong><span style=\"color: #ff00ff;\">Fotos von Carla Nagel &#8222;Rund um Ascheffel 2018&#8220;<\/span><\/strong><\/a><\/p>\n<p><strong>Kim K. :<\/strong> Ascheffel, my favorite German race. Thanks to the organizers to not let it die! &#8211; <span class=\" UFICommentActorAndBody\"><span data-ft=\"{&quot;tn&quot;:&quot;K&quot;}\"><span class=\"UFICommentBody\">Das Rennen ist top, wie es ist.<\/span><\/span><\/span><\/p>\n<p><strong>Markus M. :<\/strong> <span class=\" UFICommentActorAndBody\"><span data-ft=\"{&quot;tn&quot;:&quot;K&quot;}\"><span class=\"UFICommentBody\">(&#8230;) vor allem, das Rennen weiterhin am Leben halten! Die &#8222;richtigen&#8220; Stra\u00dfenrennen mit &gt; 10 Km-Runden werden von Jahr zu Jahr weniger, bei dem Aufwand, bzw. den Auflagen&#8230; sch\u00f6n, wenn man nicht immer nur Gewerbegebiete oder Marktpl\u00e4tze umrundet! &#8211;&nbsp; <span id=\"cch_f3668929c8dd38\" class=\"_mh6 _wsc\"><span class=\"_3oh- _58nk\"> ein tolles Rennen, bin das erste Mal mit meiner Freundin dort mitgefahren, und hat mich gleich motiviert, nach 20 Jahren mal wieder ne Lizenz zu l\u00f6sen. Toll organisiert, toller Kurs, tolle Atmosph\u00e4re<\/span><\/span><br \/>\n<\/span><\/span><\/span><\/p>\n<p><strong>Wheel Divas Cycling Team Berlin :<\/strong> Vielen Dank an die Veranstalter <a class=\"profileLink\" href=\"https:\/\/www.facebook.com\/events\/356393594788617\/?acontext=%7B%22source%22%3A3%2C%22source_newsfeed_story_type%22%3A%22regular%22%2C%22action_history%22%3A%22%5B%7B%5C%22surface%5C%22%3A%5C%22newsfeed%5C%22%2C%5C%22mechanism%5C%22%3A%5C%22feed_story%5C%22%2C%5C%22extra_data%5C%22%3A%5B%5D%7D%5D%22%2C%22has_source%22%3Atrue%7D&amp;source=3&amp;source_newsfeed_story_type=regular&amp;action_history=%5B%7B%22surface%22%3A%22newsfeed%22%2C%22mechanism%22%3A%22feed_story%22%2C%22extra_data%22%3A%5B%5D%7D%5D&amp;has_source=1&amp;fref=mentions\" data-hovercard=\"\/ajax\/hovercard\/event.php?id=356393594788617&amp;extragetparams=%7B%22source%22%3A3%2C%22source_newsfeed_story_type%22%3A%22regular%22%2C%22action_history%22%3A%22%5B%7B%5C%22surface%5C%22%3A%5C%22newsfeed%5C%22%2C%5C%22mechanism%5C%22%3A%5C%22feed_story%5C%22%2C%5C%22extra_data%5C%22%3A%5B%5D%7D%5D%22%2C%22has_source%22%3Atrue%2C%22fref%22%3A%22mentions%22%7D\" data-hovercard-prefer-more-content-show=\"1\">Stra\u00dfenrennen &#8222;Rund um Ascheffel&#8220; &#8211; <\/a><\/p>\n<p><strong>Ole S. :<\/strong> Vielen Dank an alle die dies erm\u00f6glichen, war das erste Mal dabei und komm bestimmt im n\u00e4chsten Jahr wieder. Danke<\/p>\n<p><strong>SC Berlin :<\/strong> Ascheffel ist f\u00fcr den SC Berlin jedes Jahr ein Highlight.Tolles anspruchsvolles Rennen und klasse organisiert.Bitte machen sie weiter so.Wir kommen immer wieder sehr gern.<\/p>\n<p>und <strong>unz\u00e4hlige weitere<\/strong>, die sich ausgesprochen zufrieden \u00fcber das Radrennen &#8222;Rund um Ascheffel&#8220; \u00e4u\u00dfern<\/p>\n","protected":false},"excerpt":{"rendered":"<p>RG Hamburg berichtet \u00fcber &#8222;Rund um Ascheffel 2018&#8220; Fotos von Carla Nagel &#8222;Rund um Ascheffel 2018&#8220; Kim K. : Ascheffel, my favorite German race. Thanks to the organizers to not let it die! &#8211;&#46;&#46;&#46;<\/p>\n","protected":false},"author":2,"featured_media":0,"parent":0,"menu_order":0,"comment_status":"closed","ping_status":"closed","template":"","meta":{"ngg_post_thumbnail":0},"_links":{"self":[{"href":"http:\/\/rund-um-ascheffel.de\/index.php?rest_route=\/wp\/v2\/pages\/9919"}],"collection":[{"href":"http:\/\/rund-um-ascheffel.de\/index.php?rest_route=\/wp\/v2\/pages"}],"about":[{"href":"http:\/\/rund-um-ascheffel.de\/index.php?rest_route=\/wp\/v2\/types\/page"}],"author":[{"embeddable":true,"href":"http:\/\/rund-um-ascheffel.de\/index.php?rest_route=\/wp\/v2\/users\/2"}],"replies":[{"embeddable":true,"href":"http:\/\/rund-um-ascheffel.de\/index.php?rest_route=%2Fwp%2Fv2%2Fcomments&post=9919"}],"version-history":[{"count":4,"href":"http:\/\/rund-um-ascheffel.de\/index.php?rest_route=\/wp\/v2\/pages\/9919\/revisions"}],"predecessor-version":[{"id":9924,"href":"http:\/\/rund-um-ascheffel.de\/index.php?rest_route=\/wp\/v2\/pages\/9919\/revisions\/9924"}],"wp:attachment":[{"href":"http:\/\/rund-um-ascheffel.de\/index.php?rest_route=%2Fwp%2Fv2%2Fmedia&parent=9919"}],"curies":[{"name":"wp","href":"https:\/\/api.w.org\/{rel}","templated":true}]}}