{"id":10005,"date":"2019-01-16T14:08:36","date_gmt":"2019-01-16T12:08:36","guid":{"rendered":"http:\/\/ascheffel.athletico-buedelsdorf.de\/?page_id=10005"},"modified":"2019-04-04T10:51:28","modified_gmt":"2019-04-04T08:51:28","slug":"dropzone","status":"publish","type":"page","link":"https:\/\/rund-um-ascheffel.de\/?page_id=10005","title":{"rendered":"Dropzone"},"content":{"rendered":"\n<p>Das Wegwerfen von Gels, M\u00fcsli-Papier &#8230; ist eigentlich \u00fcberfl\u00fcssig. Man kann es auch lassen ! &#8211; Wenn es denn nun sein mu\u00df, ist es NUR (!) in den beiden (per Schilder ausgewiesenen) Dropzones erlaubt. Au\u00dferhalb in KEINEM Fall !<\/p>\n\n\n\n<p>Die <strong>erste <\/strong>befindet sich am Ortsende von Ascheffel, also ca. 1 km nach dem Start.<\/p>\n\n\n\n<p>Die <strong>zweite <\/strong>deutlich (!) vor dem Abzweig in &#8222;Wolfskrug&#8220; Richtung &#8222;Hummelfeld&#8220;, also etwa bei km 8.<\/p>\n\n\n\n<figure class=\"wp-block-image\"><img loading=\"lazy\" width=\"658\" height=\"591\" src=\"http:\/\/ascheffel.athletico-buedelsdorf.de\/wp-content\/uploads\/2019\/01\/Dropzone-Rund-um-Ascheffel.jpg\" alt=\"\" class=\"wp-image-10006\" srcset=\"https:\/\/rund-um-ascheffel.de\/wp-content\/uploads\/2019\/01\/Dropzone-Rund-um-Ascheffel.jpg 658w, https:\/\/rund-um-ascheffel.de\/wp-content\/uploads\/2019\/01\/Dropzone-Rund-um-Ascheffel-300x269.jpg 300w\" sizes=\"(max-width: 658px) 100vw, 658px\" \/><figcaption>Copyright www.gpsies.com<\/figcaption><\/figure>\n\n\n\n<p><strong>Anfang <\/strong>und <strong>Ende <\/strong>der Dropzone sind markiert ; das <strong>Ende <\/strong>z.B. so &#8230; <\/p>\n\n\n\n<figure class=\"wp-block-image\"><img loading=\"lazy\" width=\"1024\" height=\"683\" src=\"http:\/\/ascheffel.athletico-buedelsdorf.de\/wp-content\/uploads\/2019\/04\/KB5_6534-1024x683.jpg\" alt=\"\" class=\"wp-image-11032\" srcset=\"https:\/\/rund-um-ascheffel.de\/wp-content\/uploads\/2019\/04\/KB5_6534-1024x683.jpg 1024w, https:\/\/rund-um-ascheffel.de\/wp-content\/uploads\/2019\/04\/KB5_6534-300x200.jpg 300w, https:\/\/rund-um-ascheffel.de\/wp-content\/uploads\/2019\/04\/KB5_6534-768x512.jpg 768w\" sizes=\"(max-width: 1024px) 100vw, 1024px\" \/><figcaption>Copyright Klaus B\u00fclck<\/figcaption><\/figure>\n","protected":false},"excerpt":{"rendered":"<p>Das Wegwerfen von Gels, M\u00fcsli-Papier &#8230; ist eigentlich \u00fcberfl\u00fcssig. Man kann es auch lassen ! &#8211; Wenn es denn nun sein mu\u00df, ist es NUR (!) in den beiden (per Schilder ausgewiesenen) Dropzones erlaubt.&#46;&#46;&#46;<\/p>\n","protected":false},"author":2,"featured_media":0,"parent":0,"menu_order":0,"comment_status":"closed","ping_status":"closed","template":"","meta":{"ngg_post_thumbnail":0},"_links":{"self":[{"href":"https:\/\/rund-um-ascheffel.de\/index.php?rest_route=\/wp\/v2\/pages\/10005"}],"collection":[{"href":"https:\/\/rund-um-ascheffel.de\/index.php?rest_route=\/wp\/v2\/pages"}],"about":[{"href":"https:\/\/rund-um-ascheffel.de\/index.php?rest_route=\/wp\/v2\/types\/page"}],"author":[{"embeddable":true,"href":"https:\/\/rund-um-ascheffel.de\/index.php?rest_route=\/wp\/v2\/users\/2"}],"replies":[{"embeddable":true,"href":"https:\/\/rund-um-ascheffel.de\/index.php?rest_route=%2Fwp%2Fv2%2Fcomments&post=10005"}],"version-history":[{"count":9,"href":"https:\/\/rund-um-ascheffel.de\/index.php?rest_route=\/wp\/v2\/pages\/10005\/revisions"}],"predecessor-version":[{"id":11034,"href":"https:\/\/rund-um-ascheffel.de\/index.php?rest_route=\/wp\/v2\/pages\/10005\/revisions\/11034"}],"wp:attachment":[{"href":"https:\/\/rund-um-ascheffel.de\/index.php?rest_route=%2Fwp%2Fv2%2Fmedia&parent=10005"}],"curies":[{"name":"wp","href":"https:\/\/api.w.org\/{rel}","templated":true}]}}