{"id":10476,"date":"2019-04-01T08:56:14","date_gmt":"2019-04-01T06:56:14","guid":{"rendered":"http:\/\/ascheffel.athletico-buedelsdorf.de\/?page_id=10476"},"modified":"2019-04-01T09:03:13","modified_gmt":"2019-04-01T07:03:13","slug":"600-1-100-starter-in-ascheffel","status":"publish","type":"page","link":"https:\/\/rund-um-ascheffel.de\/?page_id=10476","title":{"rendered":"600 \u2013 1.100 Starter in Ascheffel"},"content":{"rendered":"\n<p> kennen wir seit Jahren. Ein \u201edarunter\u201c darf es f\u00fcr uns nicht geben, denn dann geht unser Verein SG Athletico B\u00fcdelsdorf ins Minus. Und doch sieht es so aus &#8230; denn die Anmeldezahlen sind niedrig ; hoffentlich kommen noch mindestens 200 Radsport-Verr\u00fcckte zus\u00e4tzlich. <\/p>\n\n\n\n<p> Die Anzahl der mit uns konkurrierenden Rad-Rennen im Norden (dazu z\u00e4hlen wir auch NDS, NRW und HES, denn die Anfahrt von dort zu uns gilt als \u201ezumutbar\u201c) ist relevant. \u2013 Besonders \u00e4rgerlich ist das zeitnahe Ansetzen eines Bundesliga-Rennens, das uns gewaltige Starterzahlen abzieht. <\/p>\n\n\n<p><!-- \/wp:paragraph --><!-- wp:paragraph --><\/p>\n<p>Auch die D\u00e4nen kommen nicht mehr in der Menge, wie wir es gewohnt sind.<!--EndFragment--><\/p>\n\n<!-- wp:paragraph -->\n<p> Wenn jetzt noch das e-Radfahren um sich greift und das Fahren im eigenen<br>Wohnzimmer attraktiver ist als der echte Kampf SportlerIn gegen SportlerIn outdoors, sehe ich schwarz f\u00fcr die Zukunft von \u201eRund um Ascheffel\u201c. <\/p>\n<!-- \/wp:paragraph -->\n\n<!-- wp:paragraph -->\n<p>Dennoch lohnt sich ein Blick in die Internationalit\u00e4t. D\u00e4nische und holl\u00e4ndische Spitzenfahrerinnen kommen zu\u00a0 uns. \u2013 Wunderbar. <\/p>\n<!-- \/wp:paragraph -->\n\n<!-- wp:paragraph -->\n<p><strong>UPDATE 25.03.2019<\/strong> &#8211; Mit ca. 550 Meldungen sind wir an der untersten Schmerzgrenze angekommen. &#8211; So ein Riesenevent wie unser Radrennen ist ohne gro\u00dfe Starterfelder nicht finanzierbar. Gr\u00f6\u00dfere Sponsorengelder erhalten wir nicht. Und erh\u00f6htes Nenngeld d\u00fcrfen wir nicht nehmen. Ist ja alles streng in den Sportordnungen geregelt. <\/p>\n<!-- \/wp:paragraph -->\n\n<!-- wp:paragraph -->\n<p><\/p>\n<!-- \/wp:paragraph -->","protected":false},"excerpt":{"rendered":"<p>kennen wir seit Jahren. Ein \u201edarunter\u201c darf es f\u00fcr uns nicht geben, denn dann geht unser Verein SG Athletico B\u00fcdelsdorf ins Minus. Und doch sieht es so aus &#8230; denn die Anmeldezahlen sind niedrig&#46;&#46;&#46;<\/p>\n","protected":false},"author":2,"featured_media":0,"parent":0,"menu_order":0,"comment_status":"closed","ping_status":"closed","template":"","meta":{"ngg_post_thumbnail":0},"_links":{"self":[{"href":"https:\/\/rund-um-ascheffel.de\/index.php?rest_route=\/wp\/v2\/pages\/10476"}],"collection":[{"href":"https:\/\/rund-um-ascheffel.de\/index.php?rest_route=\/wp\/v2\/pages"}],"about":[{"href":"https:\/\/rund-um-ascheffel.de\/index.php?rest_route=\/wp\/v2\/types\/page"}],"author":[{"embeddable":true,"href":"https:\/\/rund-um-ascheffel.de\/index.php?rest_route=\/wp\/v2\/users\/2"}],"replies":[{"embeddable":true,"href":"https:\/\/rund-um-ascheffel.de\/index.php?rest_route=%2Fwp%2Fv2%2Fcomments&post=10476"}],"version-history":[{"count":3,"href":"https:\/\/rund-um-ascheffel.de\/index.php?rest_route=\/wp\/v2\/pages\/10476\/revisions"}],"predecessor-version":[{"id":10480,"href":"https:\/\/rund-um-ascheffel.de\/index.php?rest_route=\/wp\/v2\/pages\/10476\/revisions\/10480"}],"wp:attachment":[{"href":"https:\/\/rund-um-ascheffel.de\/index.php?rest_route=%2Fwp%2Fv2%2Fmedia&parent=10476"}],"curies":[{"name":"wp","href":"https:\/\/api.w.org\/{rel}","templated":true}]}}