{"id":10490,"date":"2019-04-01T09:22:39","date_gmt":"2019-04-01T07:22:39","guid":{"rendered":"http:\/\/ascheffel.athletico-buedelsdorf.de\/?page_id=10490"},"modified":"2019-04-01T09:22:41","modified_gmt":"2019-04-01T07:22:41","slug":"keine-nachmeldungen","status":"publish","type":"page","link":"https:\/\/rund-um-ascheffel.de\/?page_id=10490","title":{"rendered":"Keine Nachmeldungen"},"content":{"rendered":"\n<p>Mit Nachmeldungen kann der Veranstalter dank\n\u201eVersp\u00e4tungs-Zuschlag\u201c seine Kasse aufbessern. Aber auch Schiffbruch erleiden ;\ndenn :<\/p>\n\n\n\n<p>Jeder Nachmelder mu\u00df handschriftlich ins System eingepflegt\nwerden : Name, Vorname, Verein, Team, UCI-ID &#8230; endlos. \u2013 Das dauert, f\u00fchrt zu\nStre\u00df und Fehlern.<\/p>\n\n\n\n<p>Wir schenken uns das.<\/p>\n\n\n\n<p>Weniger Knete, daf\u00fcr weniger Stre\u00df &#8230; f\u00fcr uns der bessere\nDeal.<\/p>\n\n\n\n<p>Meldeschlu\u00df : Sonntag, 24.03.2019 23:59 Uhr ; dann schaltet\nsich die Meldem\u00f6glichkeit ohne unser Zutun ab<\/p>\n","protected":false},"excerpt":{"rendered":"<p>Mit Nachmeldungen kann der Veranstalter dank \u201eVersp\u00e4tungs-Zuschlag\u201c seine Kasse aufbessern. Aber auch Schiffbruch erleiden ; denn : Jeder Nachmelder mu\u00df handschriftlich ins System eingepflegt werden : Name, Vorname, Verein, Team, UCI-ID &#8230; endlos. \u2013&#46;&#46;&#46;<\/p>\n","protected":false},"author":2,"featured_media":0,"parent":0,"menu_order":0,"comment_status":"closed","ping_status":"closed","template":"","meta":{"ngg_post_thumbnail":0},"_links":{"self":[{"href":"https:\/\/rund-um-ascheffel.de\/index.php?rest_route=\/wp\/v2\/pages\/10490"}],"collection":[{"href":"https:\/\/rund-um-ascheffel.de\/index.php?rest_route=\/wp\/v2\/pages"}],"about":[{"href":"https:\/\/rund-um-ascheffel.de\/index.php?rest_route=\/wp\/v2\/types\/page"}],"author":[{"embeddable":true,"href":"https:\/\/rund-um-ascheffel.de\/index.php?rest_route=\/wp\/v2\/users\/2"}],"replies":[{"embeddable":true,"href":"https:\/\/rund-um-ascheffel.de\/index.php?rest_route=%2Fwp%2Fv2%2Fcomments&post=10490"}],"version-history":[{"count":1,"href":"https:\/\/rund-um-ascheffel.de\/index.php?rest_route=\/wp\/v2\/pages\/10490\/revisions"}],"predecessor-version":[{"id":10491,"href":"https:\/\/rund-um-ascheffel.de\/index.php?rest_route=\/wp\/v2\/pages\/10490\/revisions\/10491"}],"wp:attachment":[{"href":"https:\/\/rund-um-ascheffel.de\/index.php?rest_route=%2Fwp%2Fv2%2Fmedia&parent=10490"}],"curies":[{"name":"wp","href":"https:\/\/api.w.org\/{rel}","templated":true}]}}