{"id":10499,"date":"2019-04-01T10:37:37","date_gmt":"2019-04-01T08:37:37","guid":{"rendered":"http:\/\/ascheffel.athletico-buedelsdorf.de\/?page_id=10499"},"modified":"2019-04-01T10:37:38","modified_gmt":"2019-04-01T08:37:38","slug":"nenngeld-startgeld-nicht-bezahlt","status":"publish","type":"page","link":"https:\/\/rund-um-ascheffel.de\/?page_id=10499","title":{"rendered":"Nenngeld &#8211; Startgeld nicht bezahlt ?"},"content":{"rendered":"\n<p>Gro\u00dfe Starterzahlen haben kein Nenngeld \u00fcberwiesen. Laut\nAusschreibung = KEIN Start.<\/p>\n\n\n\n<p>Habt Ihr zu sp\u00e4t \u00fcberwiesen, soda\u00df wir es nicht mehr\neinpflegen k\u00f6nnen ?<\/p>\n\n\n\n<p>Dann schickt mir einen Beleg als eMail-Anhang. <a href=\"mailto:bartsch-bartsch@web.de\">bartsch-bartsch@web.de<\/a><\/p>\n\n\n\n<p>Habt Ihr es total vergessen ; dann zahlt Ihr cash in der\nAnmeldung 10,00 \u20ac Aufschlag auf das Nenngeld. Und d\u00fcrft starten.<\/p>\n\n\n\n<p>Zickt nicht mit meinen Anmelde-Damen herum. Sie haben mit\nder \u20ac-Buchf\u00fchrung nichts zu tun. Wenn, dann zickt mit mir.<strong><\/strong><\/p>\n","protected":false},"excerpt":{"rendered":"<p>Gro\u00dfe Starterzahlen haben kein Nenngeld \u00fcberwiesen. Laut Ausschreibung = KEIN Start. Habt Ihr zu sp\u00e4t \u00fcberwiesen, soda\u00df wir es nicht mehr einpflegen k\u00f6nnen ? Dann schickt mir einen Beleg als eMail-Anhang. bartsch-bartsch@web.de Habt Ihr&#46;&#46;&#46;<\/p>\n","protected":false},"author":2,"featured_media":0,"parent":0,"menu_order":0,"comment_status":"closed","ping_status":"closed","template":"","meta":{"ngg_post_thumbnail":0},"_links":{"self":[{"href":"https:\/\/rund-um-ascheffel.de\/index.php?rest_route=\/wp\/v2\/pages\/10499"}],"collection":[{"href":"https:\/\/rund-um-ascheffel.de\/index.php?rest_route=\/wp\/v2\/pages"}],"about":[{"href":"https:\/\/rund-um-ascheffel.de\/index.php?rest_route=\/wp\/v2\/types\/page"}],"author":[{"embeddable":true,"href":"https:\/\/rund-um-ascheffel.de\/index.php?rest_route=\/wp\/v2\/users\/2"}],"replies":[{"embeddable":true,"href":"https:\/\/rund-um-ascheffel.de\/index.php?rest_route=%2Fwp%2Fv2%2Fcomments&post=10499"}],"version-history":[{"count":1,"href":"https:\/\/rund-um-ascheffel.de\/index.php?rest_route=\/wp\/v2\/pages\/10499\/revisions"}],"predecessor-version":[{"id":10500,"href":"https:\/\/rund-um-ascheffel.de\/index.php?rest_route=\/wp\/v2\/pages\/10499\/revisions\/10500"}],"wp:attachment":[{"href":"https:\/\/rund-um-ascheffel.de\/index.php?rest_route=%2Fwp%2Fv2%2Fmedia&parent=10499"}],"curies":[{"name":"wp","href":"https:\/\/api.w.org\/{rel}","templated":true}]}}