{"id":12029,"date":"2020-01-14T08:49:29","date_gmt":"2020-01-14T06:49:29","guid":{"rendered":"http:\/\/ascheffel.athletico-buedelsdorf.de\/?page_id=12029"},"modified":"2020-02-03T21:09:20","modified_gmt":"2020-02-03T19:09:20","slug":"ausschreibung-screenshots","status":"publish","type":"page","link":"https:\/\/rund-um-ascheffel.de\/?page_id=12029","title":{"rendered":"Ausschreibung Screenshots"},"content":{"rendered":"\n<figure class=\"wp-block-image\"><img loading=\"lazy\" width=\"848\" height=\"651\" src=\"http:\/\/ascheffel.athletico-buedelsdorf.de\/wp-content\/uploads\/2020\/01\/Screenshot_2020-01-14-Veranstaltungsdetails-rad-net-de-Verwaltung.png\" alt=\"\" class=\"wp-image-12033\" srcset=\"https:\/\/rund-um-ascheffel.de\/wp-content\/uploads\/2020\/01\/Screenshot_2020-01-14-Veranstaltungsdetails-rad-net-de-Verwaltung.png 848w, https:\/\/rund-um-ascheffel.de\/wp-content\/uploads\/2020\/01\/Screenshot_2020-01-14-Veranstaltungsdetails-rad-net-de-Verwaltung-300x230.png 300w, https:\/\/rund-um-ascheffel.de\/wp-content\/uploads\/2020\/01\/Screenshot_2020-01-14-Veranstaltungsdetails-rad-net-de-Verwaltung-768x590.png 768w\" sizes=\"(max-width: 848px) 100vw, 848px\" \/><\/figure>\n\n\n\n<p class=\"has-large-font-size\"><strong>&#8230; &#8230; &#8230;<\/strong><\/p>\n\n\n\n<figure class=\"wp-block-image\"><img loading=\"lazy\" width=\"1024\" height=\"581\" src=\"http:\/\/ascheffel.athletico-buedelsdorf.de\/wp-content\/uploads\/2020\/02\/Screenshot_2020-02-03-Veranstaltungsdetails-rad-net-de-Verwaltung-1024x581.png\" alt=\"\" class=\"wp-image-12091\" srcset=\"https:\/\/rund-um-ascheffel.de\/wp-content\/uploads\/2020\/02\/Screenshot_2020-02-03-Veranstaltungsdetails-rad-net-de-Verwaltung-1024x581.png 1024w, https:\/\/rund-um-ascheffel.de\/wp-content\/uploads\/2020\/02\/Screenshot_2020-02-03-Veranstaltungsdetails-rad-net-de-Verwaltung-300x170.png 300w, https:\/\/rund-um-ascheffel.de\/wp-content\/uploads\/2020\/02\/Screenshot_2020-02-03-Veranstaltungsdetails-rad-net-de-Verwaltung-768x435.png 768w, https:\/\/rund-um-ascheffel.de\/wp-content\/uploads\/2020\/02\/Screenshot_2020-02-03-Veranstaltungsdetails-rad-net-de-Verwaltung.png 1268w\" sizes=\"(max-width: 1024px) 100vw, 1024px\" \/><\/figure>\n\n\n\n<p class=\"has-large-font-size\"><strong>&#8230; &#8230; &#8230;<\/strong><\/p>\n\n\n\n<figure class=\"wp-block-image\"><img loading=\"lazy\" width=\"799\" height=\"663\" src=\"http:\/\/ascheffel.athletico-buedelsdorf.de\/wp-content\/uploads\/2020\/01\/Screenshot_2020-01-14-Nennungsdaten-rad-net-de-Verwaltung.png\" alt=\"\" class=\"wp-image-12039\" srcset=\"https:\/\/rund-um-ascheffel.de\/wp-content\/uploads\/2020\/01\/Screenshot_2020-01-14-Nennungsdaten-rad-net-de-Verwaltung.png 799w, https:\/\/rund-um-ascheffel.de\/wp-content\/uploads\/2020\/01\/Screenshot_2020-01-14-Nennungsdaten-rad-net-de-Verwaltung-300x249.png 300w, https:\/\/rund-um-ascheffel.de\/wp-content\/uploads\/2020\/01\/Screenshot_2020-01-14-Nennungsdaten-rad-net-de-Verwaltung-768x637.png 768w\" sizes=\"(max-width: 799px) 100vw, 799px\" \/><\/figure>\n\n\n\n<p class=\"has-large-font-size\"><strong>&#8230; &#8230; &#8230;<\/strong><\/p>\n\n\n\n<figure class=\"wp-block-image\"><img loading=\"lazy\" width=\"500\" height=\"311\" src=\"http:\/\/ascheffel.athletico-buedelsdorf.de\/wp-content\/uploads\/2020\/01\/Screenshot_2020-01-14-Anzahl-der-Rennen-rad-net-de-Verwaltung.png\" alt=\"\" class=\"wp-image-12041\" srcset=\"https:\/\/rund-um-ascheffel.de\/wp-content\/uploads\/2020\/01\/Screenshot_2020-01-14-Anzahl-der-Rennen-rad-net-de-Verwaltung.png 500w, https:\/\/rund-um-ascheffel.de\/wp-content\/uploads\/2020\/01\/Screenshot_2020-01-14-Anzahl-der-Rennen-rad-net-de-Verwaltung-300x187.png 300w\" sizes=\"(max-width: 500px) 100vw, 500px\" \/><\/figure>\n\n\n\n<p class=\"has-large-font-size\"><strong>&#8230; &#8230; &#8230;<\/strong><\/p>\n\n\n\n<figure class=\"wp-block-image\"><img loading=\"lazy\" width=\"853\" height=\"803\" src=\"http:\/\/ascheffel.athletico-buedelsdorf.de\/wp-content\/uploads\/2020\/02\/Screenshot_2020-02-03-Renndetails-rad-net-de-Verwaltung.png\" alt=\"\" class=\"wp-image-12094\" srcset=\"https:\/\/rund-um-ascheffel.de\/wp-content\/uploads\/2020\/02\/Screenshot_2020-02-03-Renndetails-rad-net-de-Verwaltung.png 853w, https:\/\/rund-um-ascheffel.de\/wp-content\/uploads\/2020\/02\/Screenshot_2020-02-03-Renndetails-rad-net-de-Verwaltung-300x282.png 300w, https:\/\/rund-um-ascheffel.de\/wp-content\/uploads\/2020\/02\/Screenshot_2020-02-03-Renndetails-rad-net-de-Verwaltung-768x723.png 768w\" sizes=\"(max-width: 853px) 100vw, 853px\" \/><\/figure>\n\n\n\n<p class=\"has-large-font-size\"><strong>&#8230; &#8230; &#8230;<\/strong><\/p>\n\n\n\n<figure class=\"wp-block-image\"><img loading=\"lazy\" width=\"840\" height=\"767\" src=\"http:\/\/ascheffel.athletico-buedelsdorf.de\/wp-content\/uploads\/2020\/02\/Screenshot_2020-02-03-Renndetails-rad-net-de-Verwaltung1.png\" alt=\"\" class=\"wp-image-12096\" srcset=\"https:\/\/rund-um-ascheffel.de\/wp-content\/uploads\/2020\/02\/Screenshot_2020-02-03-Renndetails-rad-net-de-Verwaltung1.png 840w, https:\/\/rund-um-ascheffel.de\/wp-content\/uploads\/2020\/02\/Screenshot_2020-02-03-Renndetails-rad-net-de-Verwaltung1-300x274.png 300w, https:\/\/rund-um-ascheffel.de\/wp-content\/uploads\/2020\/02\/Screenshot_2020-02-03-Renndetails-rad-net-de-Verwaltung1-768x701.png 768w\" sizes=\"(max-width: 840px) 100vw, 840px\" \/><\/figure>\n\n\n\n<p class=\"has-large-font-size\"><strong>&#8230; &#8230; &#8230;<\/strong><\/p>\n\n\n\n<figure class=\"wp-block-image\"><img loading=\"lazy\" width=\"791\" height=\"791\" src=\"http:\/\/ascheffel.athletico-buedelsdorf.de\/wp-content\/uploads\/2020\/02\/Screenshot_2020-02-03-Renndetails-rad-net-de-Verwaltung2.png\" alt=\"\" class=\"wp-image-12099\" srcset=\"https:\/\/rund-um-ascheffel.de\/wp-content\/uploads\/2020\/02\/Screenshot_2020-02-03-Renndetails-rad-net-de-Verwaltung2.png 791w, https:\/\/rund-um-ascheffel.de\/wp-content\/uploads\/2020\/02\/Screenshot_2020-02-03-Renndetails-rad-net-de-Verwaltung2-150x150.png 150w, https:\/\/rund-um-ascheffel.de\/wp-content\/uploads\/2020\/02\/Screenshot_2020-02-03-Renndetails-rad-net-de-Verwaltung2-300x300.png 300w, https:\/\/rund-um-ascheffel.de\/wp-content\/uploads\/2020\/02\/Screenshot_2020-02-03-Renndetails-rad-net-de-Verwaltung2-768x768.png 768w, https:\/\/rund-um-ascheffel.de\/wp-content\/uploads\/2020\/02\/Screenshot_2020-02-03-Renndetails-rad-net-de-Verwaltung2-160x160.png 160w, https:\/\/rund-um-ascheffel.de\/wp-content\/uploads\/2020\/02\/Screenshot_2020-02-03-Renndetails-rad-net-de-Verwaltung2-320x320.png 320w\" sizes=\"(max-width: 791px) 100vw, 791px\" \/><\/figure>\n\n\n\n<p class=\"has-large-font-size\"><strong>&#8230; &#8230; &#8230;<\/strong><\/p>\n\n\n\n<figure class=\"wp-block-image\"><img loading=\"lazy\" width=\"766\" height=\"787\" src=\"http:\/\/ascheffel.athletico-buedelsdorf.de\/wp-content\/uploads\/2020\/02\/Screenshot_2020-02-03-Renndetails-rad-net-de-Verwaltung3.png\" alt=\"\" class=\"wp-image-12101\" srcset=\"https:\/\/rund-um-ascheffel.de\/wp-content\/uploads\/2020\/02\/Screenshot_2020-02-03-Renndetails-rad-net-de-Verwaltung3.png 766w, https:\/\/rund-um-ascheffel.de\/wp-content\/uploads\/2020\/02\/Screenshot_2020-02-03-Renndetails-rad-net-de-Verwaltung3-292x300.png 292w\" sizes=\"(max-width: 766px) 100vw, 766px\" \/><\/figure>\n\n\n\n<p class=\"has-large-font-size\"><strong>&#8230; &#8230; &#8230;<\/strong><\/p>\n\n\n\n<figure class=\"wp-block-image\"><img loading=\"lazy\" width=\"848\" height=\"789\" src=\"http:\/\/ascheffel.athletico-buedelsdorf.de\/wp-content\/uploads\/2020\/02\/Screenshot_2020-02-03-Renndetails-rad-net-de-Verwaltung4.png\" alt=\"\" class=\"wp-image-12103\" srcset=\"https:\/\/rund-um-ascheffel.de\/wp-content\/uploads\/2020\/02\/Screenshot_2020-02-03-Renndetails-rad-net-de-Verwaltung4.png 848w, https:\/\/rund-um-ascheffel.de\/wp-content\/uploads\/2020\/02\/Screenshot_2020-02-03-Renndetails-rad-net-de-Verwaltung4-300x279.png 300w, https:\/\/rund-um-ascheffel.de\/wp-content\/uploads\/2020\/02\/Screenshot_2020-02-03-Renndetails-rad-net-de-Verwaltung4-768x715.png 768w\" sizes=\"(max-width: 848px) 100vw, 848px\" \/><\/figure>\n\n\n\n<p class=\"has-huge-font-size\"><strong> &#8230; &#8230; &#8230; <\/strong><\/p>\n\n\n\n<figure class=\"wp-block-image\"><img loading=\"lazy\" width=\"823\" height=\"679\" src=\"http:\/\/ascheffel.athletico-buedelsdorf.de\/wp-content\/uploads\/2020\/02\/Screenshot_2020-02-03-Renndetails-rad-net-de-Verwaltung5.png\" alt=\"\" class=\"wp-image-12107\" srcset=\"https:\/\/rund-um-ascheffel.de\/wp-content\/uploads\/2020\/02\/Screenshot_2020-02-03-Renndetails-rad-net-de-Verwaltung5.png 823w, https:\/\/rund-um-ascheffel.de\/wp-content\/uploads\/2020\/02\/Screenshot_2020-02-03-Renndetails-rad-net-de-Verwaltung5-300x248.png 300w, https:\/\/rund-um-ascheffel.de\/wp-content\/uploads\/2020\/02\/Screenshot_2020-02-03-Renndetails-rad-net-de-Verwaltung5-768x634.png 768w\" sizes=\"(max-width: 823px) 100vw, 823px\" \/><\/figure>\n\n\n\n<figure class=\"wp-block-image\"><img loading=\"lazy\" width=\"805\" height=\"518\" src=\"http:\/\/ascheffel.athletico-buedelsdorf.de\/wp-content\/uploads\/2020\/02\/Screenshot_2020-02-03-Renndetails-rad-net-de-Verwaltung6.png\" alt=\"\" class=\"wp-image-12110\" srcset=\"https:\/\/rund-um-ascheffel.de\/wp-content\/uploads\/2020\/02\/Screenshot_2020-02-03-Renndetails-rad-net-de-Verwaltung6.png 805w, https:\/\/rund-um-ascheffel.de\/wp-content\/uploads\/2020\/02\/Screenshot_2020-02-03-Renndetails-rad-net-de-Verwaltung6-300x193.png 300w, https:\/\/rund-um-ascheffel.de\/wp-content\/uploads\/2020\/02\/Screenshot_2020-02-03-Renndetails-rad-net-de-Verwaltung6-768x494.png 768w\" sizes=\"(max-width: 805px) 100vw, 805px\" \/><\/figure>\n\n\n\n<p class=\"has-huge-font-size\"><strong> &#8230; &#8230; &#8230; <\/strong> <\/p>\n\n\n\n<figure class=\"wp-block-image\"><img loading=\"lazy\" width=\"782\" height=\"711\" src=\"http:\/\/ascheffel.athletico-buedelsdorf.de\/wp-content\/uploads\/2020\/02\/Screenshot_2020-02-03-Renndetails-rad-net-de-Verwaltung7.png\" alt=\"\" class=\"wp-image-12113\" srcset=\"https:\/\/rund-um-ascheffel.de\/wp-content\/uploads\/2020\/02\/Screenshot_2020-02-03-Renndetails-rad-net-de-Verwaltung7.png 782w, https:\/\/rund-um-ascheffel.de\/wp-content\/uploads\/2020\/02\/Screenshot_2020-02-03-Renndetails-rad-net-de-Verwaltung7-300x273.png 300w, https:\/\/rund-um-ascheffel.de\/wp-content\/uploads\/2020\/02\/Screenshot_2020-02-03-Renndetails-rad-net-de-Verwaltung7-768x698.png 768w\" sizes=\"(max-width: 782px) 100vw, 782px\" \/><\/figure>\n\n\n\n<p class=\"has-huge-font-size\"><strong> &#8230; &#8230; &#8230; <\/strong> <\/p>\n\n\n\n<figure class=\"wp-block-image\"><img loading=\"lazy\" width=\"842\" height=\"900\" src=\"http:\/\/ascheffel.athletico-buedelsdorf.de\/wp-content\/uploads\/2020\/02\/Screenshot_2020-02-03-Renndetails-rad-net-de-Verwaltung8.png\" alt=\"\" class=\"wp-image-12115\" srcset=\"https:\/\/rund-um-ascheffel.de\/wp-content\/uploads\/2020\/02\/Screenshot_2020-02-03-Renndetails-rad-net-de-Verwaltung8.png 842w, https:\/\/rund-um-ascheffel.de\/wp-content\/uploads\/2020\/02\/Screenshot_2020-02-03-Renndetails-rad-net-de-Verwaltung8-281x300.png 281w, https:\/\/rund-um-ascheffel.de\/wp-content\/uploads\/2020\/02\/Screenshot_2020-02-03-Renndetails-rad-net-de-Verwaltung8-768x821.png 768w\" sizes=\"(max-width: 842px) 100vw, 842px\" \/><\/figure>\n\n\n\n<p class=\"has-huge-font-size\">&#8230; &#8230; &#8230; <\/p>\n\n\n\n<figure class=\"wp-block-image\"><img loading=\"lazy\" width=\"798\" height=\"816\" src=\"http:\/\/ascheffel.athletico-buedelsdorf.de\/wp-content\/uploads\/2020\/02\/Screenshot_2020-02-03-Renndetails-rad-net-de-Verwaltung9.png\" alt=\"\" class=\"wp-image-12117\" srcset=\"https:\/\/rund-um-ascheffel.de\/wp-content\/uploads\/2020\/02\/Screenshot_2020-02-03-Renndetails-rad-net-de-Verwaltung9.png 798w, https:\/\/rund-um-ascheffel.de\/wp-content\/uploads\/2020\/02\/Screenshot_2020-02-03-Renndetails-rad-net-de-Verwaltung9-293x300.png 293w, https:\/\/rund-um-ascheffel.de\/wp-content\/uploads\/2020\/02\/Screenshot_2020-02-03-Renndetails-rad-net-de-Verwaltung9-768x785.png 768w\" sizes=\"(max-width: 798px) 100vw, 798px\" \/><\/figure>\n\n\n\n<figure class=\"wp-block-image\"><img loading=\"lazy\" width=\"780\" height=\"624\" src=\"http:\/\/ascheffel.athletico-buedelsdorf.de\/wp-content\/uploads\/2020\/02\/Screenshot_2020-02-03-Renndetails-rad-net-de-Verwaltung10.png\" alt=\"\" class=\"wp-image-12120\" srcset=\"https:\/\/rund-um-ascheffel.de\/wp-content\/uploads\/2020\/02\/Screenshot_2020-02-03-Renndetails-rad-net-de-Verwaltung10.png 780w, https:\/\/rund-um-ascheffel.de\/wp-content\/uploads\/2020\/02\/Screenshot_2020-02-03-Renndetails-rad-net-de-Verwaltung10-300x240.png 300w, https:\/\/rund-um-ascheffel.de\/wp-content\/uploads\/2020\/02\/Screenshot_2020-02-03-Renndetails-rad-net-de-Verwaltung10-768x614.png 768w\" sizes=\"(max-width: 780px) 100vw, 780px\" \/><\/figure>\n\n\n\n<p class=\"has-huge-font-size\"> <strong>&#8230; &#8230; &#8230;<\/strong>   <\/p>\n\n\n\n<figure class=\"wp-block-image\"><img loading=\"lazy\" width=\"796\" height=\"659\" src=\"http:\/\/ascheffel.athletico-buedelsdorf.de\/wp-content\/uploads\/2020\/02\/Screenshot_2020-02-03-Renndetails-rad-net-de-Verwaltung11.png\" alt=\"\" class=\"wp-image-12121\" srcset=\"https:\/\/rund-um-ascheffel.de\/wp-content\/uploads\/2020\/02\/Screenshot_2020-02-03-Renndetails-rad-net-de-Verwaltung11.png 796w, https:\/\/rund-um-ascheffel.de\/wp-content\/uploads\/2020\/02\/Screenshot_2020-02-03-Renndetails-rad-net-de-Verwaltung11-300x248.png 300w, https:\/\/rund-um-ascheffel.de\/wp-content\/uploads\/2020\/02\/Screenshot_2020-02-03-Renndetails-rad-net-de-Verwaltung11-768x636.png 768w\" sizes=\"(max-width: 796px) 100vw, 796px\" \/><\/figure>\n\n\n\n<figure class=\"wp-block-image\"><img loading=\"lazy\" width=\"786\" height=\"498\" src=\"http:\/\/ascheffel.athletico-buedelsdorf.de\/wp-content\/uploads\/2020\/02\/Screenshot_2020-02-03-Renndetails-rad-net-de-Verwaltung12.png\" alt=\"\" class=\"wp-image-12124\" srcset=\"https:\/\/rund-um-ascheffel.de\/wp-content\/uploads\/2020\/02\/Screenshot_2020-02-03-Renndetails-rad-net-de-Verwaltung12.png 786w, https:\/\/rund-um-ascheffel.de\/wp-content\/uploads\/2020\/02\/Screenshot_2020-02-03-Renndetails-rad-net-de-Verwaltung12-300x190.png 300w, https:\/\/rund-um-ascheffel.de\/wp-content\/uploads\/2020\/02\/Screenshot_2020-02-03-Renndetails-rad-net-de-Verwaltung12-768x487.png 768w\" sizes=\"(max-width: 786px) 100vw, 786px\" \/><\/figure>\n\n\n\n<p class=\"has-huge-font-size\"><strong> &#8230; &#8230; &#8230;<\/strong> <\/p>\n\n\n\n<figure class=\"wp-block-image\"><img loading=\"lazy\" width=\"825\" height=\"665\" src=\"http:\/\/ascheffel.athletico-buedelsdorf.de\/wp-content\/uploads\/2020\/02\/Screenshot_2020-02-03-Renndetails-rad-net-de-Verwaltung13.png\" alt=\"\" class=\"wp-image-12126\" srcset=\"https:\/\/rund-um-ascheffel.de\/wp-content\/uploads\/2020\/02\/Screenshot_2020-02-03-Renndetails-rad-net-de-Verwaltung13.png 825w, https:\/\/rund-um-ascheffel.de\/wp-content\/uploads\/2020\/02\/Screenshot_2020-02-03-Renndetails-rad-net-de-Verwaltung13-300x242.png 300w, https:\/\/rund-um-ascheffel.de\/wp-content\/uploads\/2020\/02\/Screenshot_2020-02-03-Renndetails-rad-net-de-Verwaltung13-768x619.png 768w\" sizes=\"(max-width: 825px) 100vw, 825px\" \/><\/figure>\n\n\n\n<figure class=\"wp-block-image\"><img loading=\"lazy\" width=\"795\" height=\"330\" src=\"http:\/\/ascheffel.athletico-buedelsdorf.de\/wp-content\/uploads\/2020\/02\/Screenshot_2020-02-03-Renndetails-rad-net-de-Verwaltung14.png\" alt=\"\" class=\"wp-image-12127\" srcset=\"https:\/\/rund-um-ascheffel.de\/wp-content\/uploads\/2020\/02\/Screenshot_2020-02-03-Renndetails-rad-net-de-Verwaltung14.png 795w, https:\/\/rund-um-ascheffel.de\/wp-content\/uploads\/2020\/02\/Screenshot_2020-02-03-Renndetails-rad-net-de-Verwaltung14-300x125.png 300w, https:\/\/rund-um-ascheffel.de\/wp-content\/uploads\/2020\/02\/Screenshot_2020-02-03-Renndetails-rad-net-de-Verwaltung14-768x319.png 768w\" sizes=\"(max-width: 795px) 100vw, 795px\" \/><\/figure>\n\n\n\n<p class=\"has-huge-font-size\"> <strong> &#8230; &#8230; &#8230;<\/strong> <\/p>\n\n\n\n<figure class=\"wp-block-image\"><img loading=\"lazy\" width=\"816\" height=\"719\" src=\"http:\/\/ascheffel.athletico-buedelsdorf.de\/wp-content\/uploads\/2020\/02\/Screenshot_2020-02-03-Renndetails-rad-net-de-Verwaltung15.png\" alt=\"\" class=\"wp-image-12130\" srcset=\"https:\/\/rund-um-ascheffel.de\/wp-content\/uploads\/2020\/02\/Screenshot_2020-02-03-Renndetails-rad-net-de-Verwaltung15.png 816w, https:\/\/rund-um-ascheffel.de\/wp-content\/uploads\/2020\/02\/Screenshot_2020-02-03-Renndetails-rad-net-de-Verwaltung15-300x264.png 300w, https:\/\/rund-um-ascheffel.de\/wp-content\/uploads\/2020\/02\/Screenshot_2020-02-03-Renndetails-rad-net-de-Verwaltung15-768x677.png 768w\" sizes=\"(max-width: 816px) 100vw, 816px\" \/><\/figure>\n\n\n\n<p class=\"has-huge-font-size\"><strong>  &#8230; &#8230; &#8230;<\/strong>   <\/p>\n\n\n\n<figure class=\"wp-block-image\"><img loading=\"lazy\" width=\"731\" height=\"671\" src=\"http:\/\/ascheffel.athletico-buedelsdorf.de\/wp-content\/uploads\/2020\/02\/Screenshot_2020-02-03-Renndetails-rad-net-de-Verwaltung16.png\" alt=\"\" class=\"wp-image-12131\" srcset=\"https:\/\/rund-um-ascheffel.de\/wp-content\/uploads\/2020\/02\/Screenshot_2020-02-03-Renndetails-rad-net-de-Verwaltung16.png 731w, https:\/\/rund-um-ascheffel.de\/wp-content\/uploads\/2020\/02\/Screenshot_2020-02-03-Renndetails-rad-net-de-Verwaltung16-300x275.png 300w\" sizes=\"(max-width: 731px) 100vw, 731px\" \/><\/figure>\n\n\n\n<p class=\"has-huge-font-size\"> <strong> &#8230; &#8230; &#8230;  <\/strong><\/p>\n\n\n\n<figure class=\"wp-block-image\"><img loading=\"lazy\" width=\"771\" height=\"646\" src=\"http:\/\/ascheffel.athletico-buedelsdorf.de\/wp-content\/uploads\/2020\/02\/Screenshot_2020-02-03-Renndetails-rad-net-de-Verwaltung17.png\" alt=\"\" class=\"wp-image-12132\" srcset=\"https:\/\/rund-um-ascheffel.de\/wp-content\/uploads\/2020\/02\/Screenshot_2020-02-03-Renndetails-rad-net-de-Verwaltung17.png 771w, https:\/\/rund-um-ascheffel.de\/wp-content\/uploads\/2020\/02\/Screenshot_2020-02-03-Renndetails-rad-net-de-Verwaltung17-300x251.png 300w, https:\/\/rund-um-ascheffel.de\/wp-content\/uploads\/2020\/02\/Screenshot_2020-02-03-Renndetails-rad-net-de-Verwaltung17-768x643.png 768w\" sizes=\"(max-width: 771px) 100vw, 771px\" \/><\/figure>\n\n\n\n<p class=\"has-large-font-size\"><strong>&#8230; &#8230; &#8230;<\/strong><\/p>\n\n\n\n<figure class=\"wp-block-image\"><img loading=\"lazy\" width=\"870\" height=\"775\" src=\"http:\/\/ascheffel.athletico-buedelsdorf.de\/wp-content\/uploads\/2020\/02\/Screenshot_2020-02-03-Renndetails-rad-net-de-Verwaltung18.png\" alt=\"\" class=\"wp-image-12133\" srcset=\"https:\/\/rund-um-ascheffel.de\/wp-content\/uploads\/2020\/02\/Screenshot_2020-02-03-Renndetails-rad-net-de-Verwaltung18.png 870w, https:\/\/rund-um-ascheffel.de\/wp-content\/uploads\/2020\/02\/Screenshot_2020-02-03-Renndetails-rad-net-de-Verwaltung18-300x267.png 300w, https:\/\/rund-um-ascheffel.de\/wp-content\/uploads\/2020\/02\/Screenshot_2020-02-03-Renndetails-rad-net-de-Verwaltung18-768x684.png 768w\" sizes=\"(max-width: 870px) 100vw, 870px\" \/><\/figure>\n\n\n\n<p class=\"has-large-font-size\"><strong>&#8230; &#8230; &#8230;<\/strong><\/p>\n\n\n\n<p class=\"has-large-font-size\"><strong>&#8230; &#8230; &#8230;<\/strong><\/p>\n\n\n\n<figure class=\"wp-block-image\"><img loading=\"lazy\" width=\"728\" height=\"572\" src=\"http:\/\/ascheffel.athletico-buedelsdorf.de\/wp-content\/uploads\/2020\/01\/Screenshot_2020-01-14-Kontrolle-rad-net-de-Verwaltung.png\" alt=\"\" class=\"wp-image-12058\" srcset=\"https:\/\/rund-um-ascheffel.de\/wp-content\/uploads\/2020\/01\/Screenshot_2020-01-14-Kontrolle-rad-net-de-Verwaltung.png 728w, https:\/\/rund-um-ascheffel.de\/wp-content\/uploads\/2020\/01\/Screenshot_2020-01-14-Kontrolle-rad-net-de-Verwaltung-300x236.png 300w\" sizes=\"(max-width: 728px) 100vw, 728px\" \/><\/figure>\n\n\n\n<p class=\"has-large-font-size\"><strong>&#8230; &#8230; &#8230;<\/strong><\/p>\n\n\n\n<figure class=\"wp-block-image\"><img loading=\"lazy\" width=\"941\" height=\"449\" src=\"http:\/\/ascheffel.athletico-buedelsdorf.de\/wp-content\/uploads\/2020\/01\/Screenshot_2020-01-14-Kontrolle-rad-net-de-Verwaltung1.png\" alt=\"\" class=\"wp-image-12059\" srcset=\"https:\/\/rund-um-ascheffel.de\/wp-content\/uploads\/2020\/01\/Screenshot_2020-01-14-Kontrolle-rad-net-de-Verwaltung1.png 941w, https:\/\/rund-um-ascheffel.de\/wp-content\/uploads\/2020\/01\/Screenshot_2020-01-14-Kontrolle-rad-net-de-Verwaltung1-300x143.png 300w, https:\/\/rund-um-ascheffel.de\/wp-content\/uploads\/2020\/01\/Screenshot_2020-01-14-Kontrolle-rad-net-de-Verwaltung1-768x366.png 768w\" sizes=\"(max-width: 941px) 100vw, 941px\" \/><figcaption>oben ge\u00e4ndert auf 175 Max.-Starter<\/figcaption><\/figure>\n\n\n\n<p class=\"has-large-font-size\"><strong>&#8230; &#8230; &#8230;<\/strong><\/p>\n\n\n\n<figure class=\"wp-block-image\"><img loading=\"lazy\" width=\"959\" height=\"366\" src=\"http:\/\/ascheffel.athletico-buedelsdorf.de\/wp-content\/uploads\/2020\/01\/Screenshot_2020-01-14-Kontrolle-rad-net-de-Verwaltung2.png\" alt=\"\" class=\"wp-image-12060\" srcset=\"https:\/\/rund-um-ascheffel.de\/wp-content\/uploads\/2020\/01\/Screenshot_2020-01-14-Kontrolle-rad-net-de-Verwaltung2.png 959w, https:\/\/rund-um-ascheffel.de\/wp-content\/uploads\/2020\/01\/Screenshot_2020-01-14-Kontrolle-rad-net-de-Verwaltung2-300x114.png 300w, https:\/\/rund-um-ascheffel.de\/wp-content\/uploads\/2020\/01\/Screenshot_2020-01-14-Kontrolle-rad-net-de-Verwaltung2-768x293.png 768w\" sizes=\"(max-width: 959px) 100vw, 959px\" \/><\/figure>\n\n\n\n<p>Es folgt die Seite &#8222;Kontrolle&#8220; &#8211; bei ihr werden Fehler aufgelistet, die bearbeitet werden m\u00fcssen &#8211; sonst wird &#8222;vollst\u00e4ndig ausgef\u00fcllt&#8220; angezeigt<\/p>\n\n\n\n<p>Als n\u00e4chstes &#8230; Daten eingeben, wer die Rechnung von rad-net erhalten soll<\/p>\n\n\n\n<p>Dann Ausschreibung freigeben &#8211; eMail-Best\u00e4tigung &#8211; sie kann nun nicht mehr ver\u00e4ndert werden &#8211; nur noch vom Landesverband &#8211; da ist sie nun<\/p>\n","protected":false},"excerpt":{"rendered":"<p>&#8230; &#8230; &#8230; &#8230; &#8230; &#8230; &#8230; &#8230; &#8230; &#8230; &#8230; &#8230; &#8230; &#8230; &#8230; &#8230; &#8230; &#8230; &#8230; &#8230; &#8230; &#8230; &#8230; &#8230; &#8230; &#8230; &#8230; &#8230; &#8230; &#8230; &#8230; &#8230; &#8230; &#8230;&#46;&#46;&#46;<\/p>\n","protected":false},"author":2,"featured_media":0,"parent":0,"menu_order":0,"comment_status":"closed","ping_status":"closed","template":"","meta":{"ngg_post_thumbnail":0},"_links":{"self":[{"href":"https:\/\/rund-um-ascheffel.de\/index.php?rest_route=\/wp\/v2\/pages\/12029"}],"collection":[{"href":"https:\/\/rund-um-ascheffel.de\/index.php?rest_route=\/wp\/v2\/pages"}],"about":[{"href":"https:\/\/rund-um-ascheffel.de\/index.php?rest_route=\/wp\/v2\/types\/page"}],"author":[{"embeddable":true,"href":"https:\/\/rund-um-ascheffel.de\/index.php?rest_route=\/wp\/v2\/users\/2"}],"replies":[{"embeddable":true,"href":"https:\/\/rund-um-ascheffel.de\/index.php?rest_route=%2Fwp%2Fv2%2Fcomments&post=12029"}],"version-history":[{"count":31,"href":"https:\/\/rund-um-ascheffel.de\/index.php?rest_route=\/wp\/v2\/pages\/12029\/revisions"}],"predecessor-version":[{"id":12138,"href":"https:\/\/rund-um-ascheffel.de\/index.php?rest_route=\/wp\/v2\/pages\/12029\/revisions\/12138"}],"wp:attachment":[{"href":"https:\/\/rund-um-ascheffel.de\/index.php?rest_route=%2Fwp%2Fv2%2Fmedia&parent=12029"}],"curies":[{"name":"wp","href":"https:\/\/api.w.org\/{rel}","templated":true}]}}