{"id":16,"date":"2014-08-07T10:50:43","date_gmt":"2014-08-07T08:50:43","guid":{"rendered":"http:\/\/ascheffel.athletico-buedelsdorf.de\/?page_id=16"},"modified":"2019-01-30T15:32:35","modified_gmt":"2019-01-30T13:32:35","slug":"wettkampf","status":"publish","type":"page","link":"https:\/\/rund-um-ascheffel.de\/?page_id=16","title":{"rendered":"Wettkampf"},"content":{"rendered":"<p><strong>Rundenl\u00e4nge: <\/strong>16,5 km<\/p>\n<p><strong>Streckenf\u00fchrung:<\/strong><br>Ascheffel &#8211; Saar &#8211; Wolfskrug &#8211; Fellhorst &#8211; Hummelfeld &#8211; H\u00fctten &#8211; Ascheffel;<\/p>\n<p><img loading=\"lazy\" class=\"alignnone size-medium wp-image-8865\" src=\"http:\/\/ascheffel.athletico-buedelsdorf.de\/wp-content\/uploads\/2014\/08\/strecke_neu_klein-300x198.gif\" alt=\"strecke_neu_klein\" width=\"300\" height=\"198\"><\/p>\n<p><a href=\"http:\/\/ascheffel.athletico-buedelsdorf.de\/wp-content\/uploads\/2014\/08\/strecke_n.gif\" target=\"_blank\" rel=\"noopener\">Klick auf Streckenplan vergr\u00f6\u00dfert Streckenplan in neuem Fenster<\/a><\/p>\n<p><a href=\"https:\/\/www.strava.com\/segments\/703879\" target=\"_blank\" rel=\"noopener\"><strong>Hier<\/strong><\/a> klicken um zum <span style=\"color: #ff0000;\"><strong>Strava Segment<\/strong><\/span> der Strecke zu kommen.<\/p>\n<p><\/p>\n<p><img loading=\"lazy\" class=\"alignnone size-medium wp-image-8868\" src=\"http:\/\/ascheffel.athletico-buedelsdorf.de\/wp-content\/uploads\/2014\/08\/hoehe_klein-300x109.gif\" alt=\"hoehe_klein\" width=\"300\" height=\"109\"><\/p>\n<p><a href=\"http:\/\/ascheffel.athletico-buedelsdorf.de\/wp-content\/uploads\/2014\/08\/hoehe.gif\" target=\"_blank\" rel=\"noopener\">klick auf H\u00f6henplan vergr\u00f6\u00dfert H\u00f6henplan in neuem Fenster<\/a><\/p>\n<p><\/p>\n<p><\/p>\n<p><\/p>\n\n\n<figure class=\"wp-block-image\"><img loading=\"lazy\" width=\"1024\" height=\"542\" src=\"http:\/\/ascheffel.athletico-buedelsdorf.de\/wp-content\/uploads\/2019\/01\/Screenshot_2019-01-30-Radrennstrecke-Ascheffel-Rund-um-Ascheffel-GPSies1-1024x542.jpg\" alt=\"\" class=\"wp-image-10222\" srcset=\"https:\/\/rund-um-ascheffel.de\/wp-content\/uploads\/2019\/01\/Screenshot_2019-01-30-Radrennstrecke-Ascheffel-Rund-um-Ascheffel-GPSies1-1024x542.jpg 1024w, https:\/\/rund-um-ascheffel.de\/wp-content\/uploads\/2019\/01\/Screenshot_2019-01-30-Radrennstrecke-Ascheffel-Rund-um-Ascheffel-GPSies1-300x159.jpg 300w, https:\/\/rund-um-ascheffel.de\/wp-content\/uploads\/2019\/01\/Screenshot_2019-01-30-Radrennstrecke-Ascheffel-Rund-um-Ascheffel-GPSies1-768x407.jpg 768w, https:\/\/rund-um-ascheffel.de\/wp-content\/uploads\/2019\/01\/Screenshot_2019-01-30-Radrennstrecke-Ascheffel-Rund-um-Ascheffel-GPSies1.jpg 1675w\" sizes=\"(max-width: 1024px) 100vw, 1024px\" \/><\/figure>\n\n\n\n<blockquote class=\"wp-block-quote\"><p> Copyright      www.gpsies.com<\/p><\/blockquote>\n\n\n\n<p>Siehe Plan : Parken &#8230; Duschen &#8230; Toiletten. &#8211; \u00d6ffentliche Parkpl\u00e4tze sind sehr knapp.  Weitgehend  genutzt werden m\u00fcssen Stra\u00dfen der Anwohner. KEIN Zuparken irgendwelcher Auffahrten !<\/p>\n","protected":false},"excerpt":{"rendered":"<p>Rundenl\u00e4nge: 16,5 km Streckenf\u00fchrung:Ascheffel &#8211; Saar &#8211; Wolfskrug &#8211; Fellhorst &#8211; Hummelfeld &#8211; H\u00fctten &#8211; Ascheffel; Klick auf Streckenplan vergr\u00f6\u00dfert Streckenplan in neuem Fenster Hier klicken um zum Strava Segment der Strecke zu kommen.&#46;&#46;&#46;<\/p>\n","protected":false},"author":1,"featured_media":0,"parent":0,"menu_order":0,"comment_status":"open","ping_status":"open","template":"","meta":{"ngg_post_thumbnail":0},"_links":{"self":[{"href":"https:\/\/rund-um-ascheffel.de\/index.php?rest_route=\/wp\/v2\/pages\/16"}],"collection":[{"href":"https:\/\/rund-um-ascheffel.de\/index.php?rest_route=\/wp\/v2\/pages"}],"about":[{"href":"https:\/\/rund-um-ascheffel.de\/index.php?rest_route=\/wp\/v2\/types\/page"}],"author":[{"embeddable":true,"href":"https:\/\/rund-um-ascheffel.de\/index.php?rest_route=\/wp\/v2\/users\/1"}],"replies":[{"embeddable":true,"href":"https:\/\/rund-um-ascheffel.de\/index.php?rest_route=%2Fwp%2Fv2%2Fcomments&post=16"}],"version-history":[{"count":11,"href":"https:\/\/rund-um-ascheffel.de\/index.php?rest_route=\/wp\/v2\/pages\/16\/revisions"}],"predecessor-version":[{"id":10225,"href":"https:\/\/rund-um-ascheffel.de\/index.php?rest_route=\/wp\/v2\/pages\/16\/revisions\/10225"}],"wp:attachment":[{"href":"https:\/\/rund-um-ascheffel.de\/index.php?rest_route=%2Fwp%2Fv2%2Fmedia&parent=16"}],"curies":[{"name":"wp","href":"https:\/\/api.w.org\/{rel}","templated":true}]}}