{"id":44,"date":"2014-08-07T11:09:54","date_gmt":"2014-08-07T09:09:54","guid":{"rendered":"http:\/\/ascheffel.athletico-buedelsdorf.de\/?page_id=44"},"modified":"2015-03-17T16:35:03","modified_gmt":"2015-03-17T14:35:03","slug":"oversigt","status":"publish","type":"page","link":"https:\/\/rund-um-ascheffel.de\/?page_id=44","title":{"rendered":"Oversigt"},"content":{"rendered":"<p><strong>Omgangsl\u00e6ngde: <\/strong>16,5 km <strong>Ruten:<\/strong> Ascheffel &#8211; Saar &#8211; Wolfkrug &#8211; Fellhorst &#8211; Hummelfeld &#8211; H\u00fctten &#8211; Ascheffel;<\/p>\n<p><img loading=\"lazy\" class=\"alignnone size-medium wp-image-8865\" src=\"http:\/\/ascheffel.athletico-buedelsdorf.de\/wp-content\/uploads\/2014\/08\/strecke_neu_klein-300x198.gif\" alt=\"strecke_neu_klein\" width=\"300\" height=\"198\" \/><\/p>\n<p><a href=\"http:\/\/ascheffel.athletico-buedelsdorf.de\/wp-content\/uploads\/2014\/08\/strecke_n.gif\" target=\"_blank\">klick p\u00e5 ruteplan forst\u00f8rrer ruteplan i et nyt vindue<\/a><\/p>\n<p>&nbsp;<\/p>\n<p><img loading=\"lazy\" class=\"alignnone size-medium wp-image-8868\" src=\"http:\/\/ascheffel.athletico-buedelsdorf.de\/wp-content\/uploads\/2014\/08\/hoehe_klein-300x109.gif\" alt=\"hoehe_klein\" width=\"300\" height=\"109\" \/><\/p>\n<p><a href=\"http:\/\/ascheffel.athletico-buedelsdorf.de\/wp-content\/uploads\/2014\/08\/hoehe.gif\" target=\"_blank\">klick p\u00e5 stigningsplan forst\u00f8rrer stigningsplan i et nyt vindue<\/a><\/p>\n<p>&nbsp;<\/p>\n<p><a href=\"http:\/\/ascheffel.athletico-buedelsdorf.de\/wp-content\/uploads\/2014\/08\/lageplan_2010.jpg\" target=\"_blank\"><img loading=\"lazy\" class=\"alignnone size-medium wp-image-8869\" src=\"http:\/\/ascheffel.athletico-buedelsdorf.de\/wp-content\/uploads\/2014\/08\/lageplan_2010-300x149.jpg\" alt=\"lageplan_2010\" width=\"300\" height=\"149\" srcset=\"https:\/\/rund-um-ascheffel.de\/wp-content\/uploads\/2014\/08\/lageplan_2010-300x149.jpg 300w, https:\/\/rund-um-ascheffel.de\/wp-content\/uploads\/2014\/08\/lageplan_2010.jpg 500w\" sizes=\"(max-width: 300px) 100vw, 300px\" \/><\/a><\/p>\n<p>&nbsp;<\/p>\n","protected":false},"excerpt":{"rendered":"<p>Omgangsl\u00e6ngde: 16,5 km Ruten: Ascheffel &#8211; Saar &#8211; Wolfkrug &#8211; Fellhorst &#8211; Hummelfeld &#8211; H\u00fctten &#8211; Ascheffel; klick p\u00e5 ruteplan forst\u00f8rrer ruteplan i et nyt vindue &nbsp; klick p\u00e5 stigningsplan forst\u00f8rrer stigningsplan i et&#46;&#46;&#46;<\/p>\n","protected":false},"author":1,"featured_media":0,"parent":0,"menu_order":0,"comment_status":"open","ping_status":"open","template":"","meta":{"ngg_post_thumbnail":0},"_links":{"self":[{"href":"https:\/\/rund-um-ascheffel.de\/index.php?rest_route=\/wp\/v2\/pages\/44"}],"collection":[{"href":"https:\/\/rund-um-ascheffel.de\/index.php?rest_route=\/wp\/v2\/pages"}],"about":[{"href":"https:\/\/rund-um-ascheffel.de\/index.php?rest_route=\/wp\/v2\/types\/page"}],"author":[{"embeddable":true,"href":"https:\/\/rund-um-ascheffel.de\/index.php?rest_route=\/wp\/v2\/users\/1"}],"replies":[{"embeddable":true,"href":"https:\/\/rund-um-ascheffel.de\/index.php?rest_route=%2Fwp%2Fv2%2Fcomments&post=44"}],"version-history":[{"count":6,"href":"https:\/\/rund-um-ascheffel.de\/index.php?rest_route=\/wp\/v2\/pages\/44\/revisions"}],"predecessor-version":[{"id":8881,"href":"https:\/\/rund-um-ascheffel.de\/index.php?rest_route=\/wp\/v2\/pages\/44\/revisions\/8881"}],"wp:attachment":[{"href":"https:\/\/rund-um-ascheffel.de\/index.php?rest_route=%2Fwp%2Fv2%2Fmedia&parent=44"}],"curies":[{"name":"wp","href":"https:\/\/api.w.org\/{rel}","templated":true}]}}