{"id":8786,"date":"2015-02-05T12:42:04","date_gmt":"2015-02-05T10:42:04","guid":{"rendered":"http:\/\/ascheffel.athletico-buedelsdorf.de\/?page_id=8786"},"modified":"2020-02-10T12:42:53","modified_gmt":"2020-02-10T10:42:53","slug":"registering","status":"publish","type":"page","link":"https:\/\/rund-um-ascheffel.de\/?page_id=8786","title":{"rendered":"Registreringen\/Meldelist\/tidsplan m.v."},"content":{"rendered":"<p><span style=\"color: #ff0000;\"><strong><span class=\"tlid-translation translation\" lang=\"da\"><span class=\"\" title=\"\">Registrering \u00e5ben ; fristen for registrering er 22.03.2020; ingen (!) senere tilmeldinger. Is\u00e6r ikke p\u00e5 l\u00f8bsdagen!<\/span><\/span><\/strong><\/span><span id=\"result_box\" class=\"short_text\" lang=\"da\"><\/span><\/p>\n<p>&#8230; &#8230; &#8230; &#8230; &#8230; &#8230; &#8230; &#8230; &#8230; &#8230; &#8230;<\/p>\n<h3>Propositioner ved RadNet \u2026&nbsp; klikk p\u00e5 logoen<\/h3>\n<p><a href=\"https:\/\/www.rad-net.de\/rad-net-portal\/rad-net-ausschreibungen.htm?url=%2Fmodules.php%3Fname%3DAusschreibung%26ID_Veranstaltung%3D33684%26mode%3Dascr_detail&amp;url_hash=tnlbdYD2A56wx5VF9iZcz_w1wmzou3Vg3LstRM3X2mM\"><img loading=\"lazy\" class=\"alignleft wp-image-8730 size-full\" src=\"http:\/\/ascheffel.athletico-buedelsdorf.de\/wp-content\/uploads\/2014\/08\/Logo-BDR.jpg\" alt=\"Bund Deutscher Radfahrer\" width=\"190\" height=\"73\"><\/a><\/p>\n<p>&nbsp;<\/p>\n<p>&nbsp;<\/p>\n<p>&nbsp;<\/p>\n<p>&#8230; &#8230; &#8230; &#8230; &#8230; &#8230; &#8230; &#8230; &#8230; &#8230; &#8230;<\/p>\n<h3>Tilmelding, meldelist, start tider &#8230; klikk p\u00e5 logoen<\/h3>\n<p><a href=\"http:\/\/my3.raceresult.com\/133114\/?&amp;lang=dk\" target=\"_blank\" rel=\"noopener noreferrer\"><strong><span class=\"tlid-translation translation\" lang=\"da\"><span class=\"\" title=\"\"><img loading=\"lazy\" class=\"alignleft wp-image-11967 size-full\" src=\"http:\/\/ascheffel.athletico-buedelsdorf.de\/wp-content\/uploads\/2019\/08\/Screenshot_2019-08-02-race-result-Zeitmessung-und-Auswertung-von-Sport-Events-1.png\" alt=\"\" width=\"345\" height=\"76\" srcset=\"https:\/\/rund-um-ascheffel.de\/wp-content\/uploads\/2019\/08\/Screenshot_2019-08-02-race-result-Zeitmessung-und-Auswertung-von-Sport-Events-1.png 345w, https:\/\/rund-um-ascheffel.de\/wp-content\/uploads\/2019\/08\/Screenshot_2019-08-02-race-result-Zeitmessung-und-Auswertung-von-Sport-Events-1-300x66.png 300w\" sizes=\"(max-width: 345px) 100vw, 345px\" \/><\/span><\/span><\/strong><\/a><\/p>\n<p>&nbsp;<\/p>\n<p>&nbsp;<\/p>\n<p>&nbsp;<\/p>\n<p>&#8230; &#8230; &#8230; &#8230; &#8230; &#8230; &#8230; &#8230; &#8230; &#8230; &#8230;<\/p>\n<h3><strong>Dropzone<br><\/strong><\/h3>\n<p><span class=\"tlid-translation translation\"><span title=\"\">Bortskaffelsen af geler, granola papir &#8230; er faktisk overfl\u00f8dig.<\/span> <span title=\"\">Du kan ogs\u00e5 undg\u00e5 det!<\/span> <span class=\"\" title=\"\">&#8211; Hvis det skal v\u00e6re, er det <strong>kun tilladt<\/strong> (!) i de to dropzones (angivet med tegn).<\/span> <span class=\"\" title=\"\"><strong>Udenfor i intet tilf\u00e6lde<\/strong>!<\/span><\/span><\/p>\n<p><span class=\"\" title=\"\">Den f\u00f8rste er bag m\u00e5lstregen, s\u00e5 at sige, i begyndelsen af rundebanen.<\/span><\/p>\n<p><span class=\"\" title=\"\">Den anden f\u00f8r afk\u00f8rslen i &#8222;Wolfskrug&#8220; retning &#8222;Hummelfeld&#8220;.<\/span><\/p>\n\n\n<figure class=\"wp-block-image\"><img loading=\"lazy\" width=\"658\" height=\"591\" src=\"http:\/\/ascheffel.athletico-buedelsdorf.de\/wp-content\/uploads\/2019\/01\/Dropzone-Rund-um-Ascheffel.jpg\" alt=\"\" class=\"wp-image-10006\" srcset=\"https:\/\/rund-um-ascheffel.de\/wp-content\/uploads\/2019\/01\/Dropzone-Rund-um-Ascheffel.jpg 658w, https:\/\/rund-um-ascheffel.de\/wp-content\/uploads\/2019\/01\/Dropzone-Rund-um-Ascheffel-300x269.jpg 300w\" sizes=\"(max-width: 658px) 100vw, 658px\" \/><figcaption>Copyright www.gpsies.com<\/figcaption><\/figure>\n","protected":false},"excerpt":{"rendered":"<p>Registrering \u00e5ben ; fristen for registrering er 22.03.2020; ingen (!) senere tilmeldinger. Is\u00e6r ikke p\u00e5 l\u00f8bsdagen! &#8230; &#8230; &#8230; &#8230; &#8230; &#8230; &#8230; &#8230; &#8230; &#8230; &#8230; Propositioner ved RadNet \u2026&nbsp; klikk p\u00e5 logoen&#46;&#46;&#46;<\/p>\n","protected":false},"author":1,"featured_media":0,"parent":0,"menu_order":0,"comment_status":"open","ping_status":"open","template":"","meta":{"ngg_post_thumbnail":0},"_links":{"self":[{"href":"https:\/\/rund-um-ascheffel.de\/index.php?rest_route=\/wp\/v2\/pages\/8786"}],"collection":[{"href":"https:\/\/rund-um-ascheffel.de\/index.php?rest_route=\/wp\/v2\/pages"}],"about":[{"href":"https:\/\/rund-um-ascheffel.de\/index.php?rest_route=\/wp\/v2\/types\/page"}],"author":[{"embeddable":true,"href":"https:\/\/rund-um-ascheffel.de\/index.php?rest_route=\/wp\/v2\/users\/1"}],"replies":[{"embeddable":true,"href":"https:\/\/rund-um-ascheffel.de\/index.php?rest_route=%2Fwp%2Fv2%2Fcomments&post=8786"}],"version-history":[{"count":53,"href":"https:\/\/rund-um-ascheffel.de\/index.php?rest_route=\/wp\/v2\/pages\/8786\/revisions"}],"predecessor-version":[{"id":12157,"href":"https:\/\/rund-um-ascheffel.de\/index.php?rest_route=\/wp\/v2\/pages\/8786\/revisions\/12157"}],"wp:attachment":[{"href":"https:\/\/rund-um-ascheffel.de\/index.php?rest_route=%2Fwp%2Fv2%2Fmedia&parent=8786"}],"curies":[{"name":"wp","href":"https:\/\/api.w.org\/{rel}","templated":true}]}}