{"id":8942,"date":"2015-04-01T13:08:40","date_gmt":"2015-04-01T11:08:40","guid":{"rendered":"http:\/\/ascheffel.athletico-buedelsdorf.de\/?page_id=8942"},"modified":"2016-03-27T21:24:20","modified_gmt":"2016-03-27T19:24:20","slug":"bilder-ascheffel-2015","status":"publish","type":"page","link":"https:\/\/rund-um-ascheffel.de\/?page_id=8942","title":{"rendered":"Bilder und Video Ascheffel 2015"},"content":{"rendered":"<p><strong>Bilder von 2015<\/strong> findet ihr in folgenden Facebook-Galerien:<\/p>\n<p><a href=\"https:\/\/www.facebook.com\/RadteamCoepenickJuniors\/media_set?set=a.643079222491663.1073741939.100003687723770&amp;type=1&amp;pnref=story\" target=\"_blank\">Radteam\u00a0C\u00f6penick\u00a0Juniors<\/a><\/p>\n<p><a href=\"https:\/\/www.facebook.com\/media\/set\/?set=a.748899108542132.1073741986.184762008289181&amp;type=1\" target=\"_blank\">Rebecca Sadowsky Radsport Fotos<\/a><\/p>\n<p>Zum Betrachten der Fotos kann unter Umst\u00e4nden ein Account bei Facebook n\u00f6tig sein.<br \/>\nWir sind nicht f\u00fcr den Inhalt verantwortlich.<\/p>\n<p><strong>Video 2015<\/strong> &#8230;\u00a0 <a href=\"https:\/\/www.youtube.com\/watch?v=GknyD05ZOvM\" target=\"_blank\">YouTube Ascheffel 2015 Stefan Wigger<\/a><\/p>\n<p>&nbsp;<\/p>\n<p><!-- index.php -->\n<div\n\tclass=\"ngg-galleryoverview\n\t ngg-ajax-pagination-none\t\"\n\tid=\"ngg-gallery-a0e17cd8f5f1c878fcce35013ebf32e3-1\">\n\n\t\t<div class=\"slideshowlink\">\n\t\t<a href='https:\/\/rund-um-ascheffel.de\/index.php\/nggallery\/slideshow?page_id=8942'>[Show slideshow]<\/a>\n\t\t\n\t<\/div>\n\t\t\t<!-- Thumbnails -->\n\t\t\t\t<div id=\"ngg-image-0\" class=\"ngg-gallery-thumbnail-box\" \n\t\t\t\t\t\t\t\t\t\t\t>\n\t\t\t\t\t\t<div class=\"ngg-gallery-thumbnail\">\n\t\t\t<a href=\"https:\/\/rund-um-ascheffel.de\/wp-content\/gallery\/ascheffel-2015\/www.stefanwigger.fotograf.de-4764.jpg\"\n\t\t\t\ttitle=\"\"\n\t\t\t\tdata-src=\"https:\/\/rund-um-ascheffel.de\/wp-content\/gallery\/ascheffel-2015\/www.stefanwigger.fotograf.de-4764.jpg\"\n\t\t\t\tdata-thumbnail=\"https:\/\/rund-um-ascheffel.de\/wp-content\/gallery\/ascheffel-2015\/thumbs\/thumbs_www.stefanwigger.fotograf.de-4764.jpg\"\n\t\t\t\tdata-image-id=\"4184\"\n\t\t\t\tdata-title=\"www.stefanwigger.fotograf.de-4764\"\n\t\t\t\tdata-description=\"\"\n\t\t\t\tdata-image-slug=\"www-stefanwigger-fotograf-de-4764\"\n\t\t\t\tclass=\"ngg-fancybox\" rel=\"a0e17cd8f5f1c878fcce35013ebf32e3\">\n\t\t\t\t<img\n\t\t\t\t\ttitle=\"www.stefanwigger.fotograf.de-4764\"\n\t\t\t\t\talt=\"www.stefanwigger.fotograf.de-4764\"\n\t\t\t\t\tsrc=\"https:\/\/rund-um-ascheffel.de\/wp-content\/gallery\/ascheffel-2015\/thumbs\/thumbs_www.stefanwigger.fotograf.de-4764.jpg\"\n\t\t\t\t\twidth=\"120\"\n\t\t\t\t\theight=\"90\"\n\t\t\t\t\tstyle=\"max-width:100%;\"\n\t\t\t\t\/>\n\t\t\t<\/a>\n\t\t<\/div>\n\t\t\t\t\t\t\t<\/div> \n\t\t\t\n\t\t\n\t\t\t\t<div id=\"ngg-image-1\" class=\"ngg-gallery-thumbnail-box\" \n\t\t\t\t\t\t\t\t\t\t\t>\n\t\t\t\t\t\t<div class=\"ngg-gallery-thumbnail\">\n\t\t\t<a href=\"https:\/\/rund-um-ascheffel.de\/wp-content\/gallery\/ascheffel-2015\/www.stefanwigger.fotograf.de-3554.jpg\"\n\t\t\t\ttitle=\" \"\n\t\t\t\tdata-src=\"https:\/\/rund-um-ascheffel.de\/wp-content\/gallery\/ascheffel-2015\/www.stefanwigger.fotograf.de-3554.jpg\"\n\t\t\t\tdata-thumbnail=\"https:\/\/rund-um-ascheffel.de\/wp-content\/gallery\/ascheffel-2015\/thumbs\/thumbs_www.stefanwigger.fotograf.de-3554.jpg\"\n\t\t\t\tdata-image-id=\"4185\"\n\t\t\t\tdata-title=\"www.stefanwigger.fotograf.de-3554\"\n\t\t\t\tdata-description=\" \"\n\t\t\t\tdata-image-slug=\"www-stefanwigger-fotograf-de-3554\"\n\t\t\t\tclass=\"ngg-fancybox\" rel=\"a0e17cd8f5f1c878fcce35013ebf32e3\">\n\t\t\t\t<img\n\t\t\t\t\ttitle=\"www.stefanwigger.fotograf.de-3554\"\n\t\t\t\t\talt=\"www.stefanwigger.fotograf.de-3554\"\n\t\t\t\t\tsrc=\"https:\/\/rund-um-ascheffel.de\/wp-content\/gallery\/ascheffel-2015\/thumbs\/thumbs_www.stefanwigger.fotograf.de-3554.jpg\"\n\t\t\t\t\twidth=\"120\"\n\t\t\t\t\theight=\"90\"\n\t\t\t\t\tstyle=\"max-width:100%;\"\n\t\t\t\t\/>\n\t\t\t<\/a>\n\t\t<\/div>\n\t\t\t\t\t\t\t<\/div> \n\t\t\t\n\t\t\n\t\t\t\t<div id=\"ngg-image-2\" class=\"ngg-gallery-thumbnail-box\" \n\t\t\t\t\t\t\t\t\t\t\t>\n\t\t\t\t\t\t<div class=\"ngg-gallery-thumbnail\">\n\t\t\t<a href=\"https:\/\/rund-um-ascheffel.de\/wp-content\/gallery\/ascheffel-2015\/www.stefanwigger.fotograf.de-4767.jpg\"\n\t\t\t\ttitle=\" \"\n\t\t\t\tdata-src=\"https:\/\/rund-um-ascheffel.de\/wp-content\/gallery\/ascheffel-2015\/www.stefanwigger.fotograf.de-4767.jpg\"\n\t\t\t\tdata-thumbnail=\"https:\/\/rund-um-ascheffel.de\/wp-content\/gallery\/ascheffel-2015\/thumbs\/thumbs_www.stefanwigger.fotograf.de-4767.jpg\"\n\t\t\t\tdata-image-id=\"4186\"\n\t\t\t\tdata-title=\"www.stefanwigger.fotograf.de-4767\"\n\t\t\t\tdata-description=\" \"\n\t\t\t\tdata-image-slug=\"www-stefanwigger-fotograf-de-4767\"\n\t\t\t\tclass=\"ngg-fancybox\" rel=\"a0e17cd8f5f1c878fcce35013ebf32e3\">\n\t\t\t\t<img\n\t\t\t\t\ttitle=\"www.stefanwigger.fotograf.de-4767\"\n\t\t\t\t\talt=\"www.stefanwigger.fotograf.de-4767\"\n\t\t\t\t\tsrc=\"https:\/\/rund-um-ascheffel.de\/wp-content\/gallery\/ascheffel-2015\/thumbs\/thumbs_www.stefanwigger.fotograf.de-4767.jpg\"\n\t\t\t\t\twidth=\"120\"\n\t\t\t\t\theight=\"90\"\n\t\t\t\t\tstyle=\"max-width:100%;\"\n\t\t\t\t\/>\n\t\t\t<\/a>\n\t\t<\/div>\n\t\t\t\t\t\t\t<\/div> \n\t\t\t\n\t\t\n\t\t\t\t<div id=\"ngg-image-3\" class=\"ngg-gallery-thumbnail-box\" \n\t\t\t\t\t\t\t\t\t\t\t>\n\t\t\t\t\t\t<div class=\"ngg-gallery-thumbnail\">\n\t\t\t<a href=\"https:\/\/rund-um-ascheffel.de\/wp-content\/gallery\/ascheffel-2015\/www.stefanwigger.fotograf.de-4671.jpg\"\n\t\t\t\ttitle=\" \"\n\t\t\t\tdata-src=\"https:\/\/rund-um-ascheffel.de\/wp-content\/gallery\/ascheffel-2015\/www.stefanwigger.fotograf.de-4671.jpg\"\n\t\t\t\tdata-thumbnail=\"https:\/\/rund-um-ascheffel.de\/wp-content\/gallery\/ascheffel-2015\/thumbs\/thumbs_www.stefanwigger.fotograf.de-4671.jpg\"\n\t\t\t\tdata-image-id=\"4187\"\n\t\t\t\tdata-title=\"www.stefanwigger.fotograf.de-4671\"\n\t\t\t\tdata-description=\" \"\n\t\t\t\tdata-image-slug=\"www-stefanwigger-fotograf-de-4671\"\n\t\t\t\tclass=\"ngg-fancybox\" rel=\"a0e17cd8f5f1c878fcce35013ebf32e3\">\n\t\t\t\t<img\n\t\t\t\t\ttitle=\"www.stefanwigger.fotograf.de-4671\"\n\t\t\t\t\talt=\"www.stefanwigger.fotograf.de-4671\"\n\t\t\t\t\tsrc=\"https:\/\/rund-um-ascheffel.de\/wp-content\/gallery\/ascheffel-2015\/thumbs\/thumbs_www.stefanwigger.fotograf.de-4671.jpg\"\n\t\t\t\t\twidth=\"120\"\n\t\t\t\t\theight=\"90\"\n\t\t\t\t\tstyle=\"max-width:100%;\"\n\t\t\t\t\/>\n\t\t\t<\/a>\n\t\t<\/div>\n\t\t\t\t\t\t\t<\/div> \n\t\t\t\n\t\t\n\t\t\t\t<div id=\"ngg-image-4\" class=\"ngg-gallery-thumbnail-box\" \n\t\t\t\t\t\t\t\t\t\t\t>\n\t\t\t\t\t\t<div class=\"ngg-gallery-thumbnail\">\n\t\t\t<a href=\"https:\/\/rund-um-ascheffel.de\/wp-content\/gallery\/ascheffel-2015\/www.stefanwigger.fotograf.de-4644.jpg\"\n\t\t\t\ttitle=\" \"\n\t\t\t\tdata-src=\"https:\/\/rund-um-ascheffel.de\/wp-content\/gallery\/ascheffel-2015\/www.stefanwigger.fotograf.de-4644.jpg\"\n\t\t\t\tdata-thumbnail=\"https:\/\/rund-um-ascheffel.de\/wp-content\/gallery\/ascheffel-2015\/thumbs\/thumbs_www.stefanwigger.fotograf.de-4644.jpg\"\n\t\t\t\tdata-image-id=\"4188\"\n\t\t\t\tdata-title=\"www.stefanwigger.fotograf.de-4644\"\n\t\t\t\tdata-description=\" \"\n\t\t\t\tdata-image-slug=\"www-stefanwigger-fotograf-de-4644\"\n\t\t\t\tclass=\"ngg-fancybox\" rel=\"a0e17cd8f5f1c878fcce35013ebf32e3\">\n\t\t\t\t<img\n\t\t\t\t\ttitle=\"www.stefanwigger.fotograf.de-4644\"\n\t\t\t\t\talt=\"www.stefanwigger.fotograf.de-4644\"\n\t\t\t\t\tsrc=\"https:\/\/rund-um-ascheffel.de\/wp-content\/gallery\/ascheffel-2015\/thumbs\/thumbs_www.stefanwigger.fotograf.de-4644.jpg\"\n\t\t\t\t\twidth=\"120\"\n\t\t\t\t\theight=\"90\"\n\t\t\t\t\tstyle=\"max-width:100%;\"\n\t\t\t\t\/>\n\t\t\t<\/a>\n\t\t<\/div>\n\t\t\t\t\t\t\t<\/div> \n\t\t\t\n\t\t\n\t\t\t\t<div id=\"ngg-image-5\" class=\"ngg-gallery-thumbnail-box\" \n\t\t\t\t\t\t\t\t\t\t\t>\n\t\t\t\t\t\t<div class=\"ngg-gallery-thumbnail\">\n\t\t\t<a href=\"https:\/\/rund-um-ascheffel.de\/wp-content\/gallery\/ascheffel-2015\/www.stefanwigger.fotograf.de-4339.jpg\"\n\t\t\t\ttitle=\" \"\n\t\t\t\tdata-src=\"https:\/\/rund-um-ascheffel.de\/wp-content\/gallery\/ascheffel-2015\/www.stefanwigger.fotograf.de-4339.jpg\"\n\t\t\t\tdata-thumbnail=\"https:\/\/rund-um-ascheffel.de\/wp-content\/gallery\/ascheffel-2015\/thumbs\/thumbs_www.stefanwigger.fotograf.de-4339.jpg\"\n\t\t\t\tdata-image-id=\"4189\"\n\t\t\t\tdata-title=\"www.stefanwigger.fotograf.de-4339\"\n\t\t\t\tdata-description=\" \"\n\t\t\t\tdata-image-slug=\"www-stefanwigger-fotograf-de-4339\"\n\t\t\t\tclass=\"ngg-fancybox\" rel=\"a0e17cd8f5f1c878fcce35013ebf32e3\">\n\t\t\t\t<img\n\t\t\t\t\ttitle=\"www.stefanwigger.fotograf.de-4339\"\n\t\t\t\t\talt=\"www.stefanwigger.fotograf.de-4339\"\n\t\t\t\t\tsrc=\"https:\/\/rund-um-ascheffel.de\/wp-content\/gallery\/ascheffel-2015\/thumbs\/thumbs_www.stefanwigger.fotograf.de-4339.jpg\"\n\t\t\t\t\twidth=\"120\"\n\t\t\t\t\theight=\"90\"\n\t\t\t\t\tstyle=\"max-width:100%;\"\n\t\t\t\t\/>\n\t\t\t<\/a>\n\t\t<\/div>\n\t\t\t\t\t\t\t<\/div> \n\t\t\t\n\t\t\n\t\t\n\t\t<!-- Pagination -->\n\t\t<div class='ngg-clear'><\/div>\t<\/div>\n<\/p>\n<p><a href=\"http:\/\/passion-radsport.de\/2015\/04\/die-norddeutschen-klassiker-2015\/\" target=\"_blank\">Erlebnisbericht &#8222;Passion Radsport&#8220; 2015<\/a><\/p>\n","protected":false},"excerpt":{"rendered":"<p>Bilder von 2015 findet ihr in folgenden Facebook-Galerien: Radteam\u00a0C\u00f6penick\u00a0Juniors Rebecca Sadowsky Radsport Fotos Zum Betrachten der Fotos kann unter Umst\u00e4nden ein Account bei Facebook n\u00f6tig sein. Wir sind nicht f\u00fcr den Inhalt verantwortlich. Video&#46;&#46;&#46;<\/p>\n","protected":false},"author":1,"featured_media":0,"parent":0,"menu_order":0,"comment_status":"open","ping_status":"open","template":"","meta":{"ngg_post_thumbnail":0},"_links":{"self":[{"href":"https:\/\/rund-um-ascheffel.de\/index.php?rest_route=\/wp\/v2\/pages\/8942"}],"collection":[{"href":"https:\/\/rund-um-ascheffel.de\/index.php?rest_route=\/wp\/v2\/pages"}],"about":[{"href":"https:\/\/rund-um-ascheffel.de\/index.php?rest_route=\/wp\/v2\/types\/page"}],"author":[{"embeddable":true,"href":"https:\/\/rund-um-ascheffel.de\/index.php?rest_route=\/wp\/v2\/users\/1"}],"replies":[{"embeddable":true,"href":"https:\/\/rund-um-ascheffel.de\/index.php?rest_route=%2Fwp%2Fv2%2Fcomments&post=8942"}],"version-history":[{"count":8,"href":"https:\/\/rund-um-ascheffel.de\/index.php?rest_route=\/wp\/v2\/pages\/8942\/revisions"}],"predecessor-version":[{"id":11039,"href":"https:\/\/rund-um-ascheffel.de\/index.php?rest_route=\/wp\/v2\/pages\/8942\/revisions\/11039"}],"wp:attachment":[{"href":"https:\/\/rund-um-ascheffel.de\/index.php?rest_route=%2Fwp%2Fv2%2Fmedia&parent=8942"}],"curies":[{"name":"wp","href":"https:\/\/api.w.org\/{rel}","templated":true}]}}