{"id":8965,"date":"2015-04-20T10:02:21","date_gmt":"2015-04-20T08:02:21","guid":{"rendered":"http:\/\/ascheffel.athletico-buedelsdorf.de\/?page_id=8965"},"modified":"2015-04-20T10:02:21","modified_gmt":"2015-04-20T08:02:21","slug":"ausblick-auf-2015-rund-um-ascheffel-zum-24-mal","status":"publish","type":"page","link":"https:\/\/rund-um-ascheffel.de\/?page_id=8965","title":{"rendered":"Ausblick auf 2015 : &#8222;Rund um Ascheffel&#8220; zum 24. Mal &#8230;"},"content":{"rendered":"<p><a href=\"http:\/\/ascheffel.athletico-buedelsdorf.de\/wp-content\/uploads\/2014\/08\/ascheffel.jpg\"><img loading=\"lazy\" class=\"alignleft  wp-image-9\" src=\"http:\/\/ascheffel.athletico-buedelsdorf.de\/wp-content\/uploads\/2014\/08\/ascheffel.jpg\" alt=\"ascheffel\" width=\"170\" height=\"171\" srcset=\"https:\/\/rund-um-ascheffel.de\/wp-content\/uploads\/2014\/08\/ascheffel.jpg 291w, https:\/\/rund-um-ascheffel.de\/wp-content\/uploads\/2014\/08\/ascheffel-150x150.jpg 150w, https:\/\/rund-um-ascheffel.de\/wp-content\/uploads\/2014\/08\/ascheffel-160x160.jpg 160w\" sizes=\"(max-width: 170px) 100vw, 170px\" \/><\/a>Der kleine Ort Ascheffel kann nicht erneut 1.100 Sportler und ca. 500 Begleiter vern\u00fcnftig &#8222;unterbringen&#8220; (u.a. Problem : Parkpl\u00e4tze) ; die 16,5 km lange Runde ist zwar wunderbar, aber 200 Mann pro Rennen sind einfach zu viel. Es wird 2015 eine RADIKALE Beschr\u00e4nkung der Starterfelder geben<\/p>\n<p>Keine Nachmeldungen ! Weder nach Meldeschlu\u00df noch am Renntage !<\/p>\n<p>Aufgrund der Beliebtheit unserer Veranstaltung rechnen wir mit rascher Ausbuchung !<\/p>\n<p>Alles Weitere dann im Fr\u00fchjahr 2015. La\u00dft Euch \u00fcberraschen. Und kommt bis dahin sturzfrei rum.<\/p>\n","protected":false},"excerpt":{"rendered":"<p>Der kleine Ort Ascheffel kann nicht erneut 1.100 Sportler und ca. 500 Begleiter vern\u00fcnftig &#8222;unterbringen&#8220; (u.a. Problem : Parkpl\u00e4tze) ; die 16,5 km lange Runde ist zwar wunderbar, aber 200 Mann pro Rennen sind&#46;&#46;&#46;<\/p>\n","protected":false},"author":2,"featured_media":0,"parent":0,"menu_order":0,"comment_status":"open","ping_status":"open","template":"","meta":{"ngg_post_thumbnail":0},"_links":{"self":[{"href":"https:\/\/rund-um-ascheffel.de\/index.php?rest_route=\/wp\/v2\/pages\/8965"}],"collection":[{"href":"https:\/\/rund-um-ascheffel.de\/index.php?rest_route=\/wp\/v2\/pages"}],"about":[{"href":"https:\/\/rund-um-ascheffel.de\/index.php?rest_route=\/wp\/v2\/types\/page"}],"author":[{"embeddable":true,"href":"https:\/\/rund-um-ascheffel.de\/index.php?rest_route=\/wp\/v2\/users\/2"}],"replies":[{"embeddable":true,"href":"https:\/\/rund-um-ascheffel.de\/index.php?rest_route=%2Fwp%2Fv2%2Fcomments&post=8965"}],"version-history":[{"count":2,"href":"https:\/\/rund-um-ascheffel.de\/index.php?rest_route=\/wp\/v2\/pages\/8965\/revisions"}],"predecessor-version":[{"id":8967,"href":"https:\/\/rund-um-ascheffel.de\/index.php?rest_route=\/wp\/v2\/pages\/8965\/revisions\/8967"}],"wp:attachment":[{"href":"https:\/\/rund-um-ascheffel.de\/index.php?rest_route=%2Fwp%2Fv2%2Fmedia&parent=8965"}],"curies":[{"name":"wp","href":"https:\/\/api.w.org\/{rel}","templated":true}]}}