{"id":9339,"date":"2016-03-24T17:10:05","date_gmt":"2016-03-24T15:10:05","guid":{"rendered":"http:\/\/ascheffel.athletico-buedelsdorf.de\/?page_id=9339"},"modified":"2016-03-24T17:14:02","modified_gmt":"2016-03-24T15:14:02","slug":"rund-um-ascheffel-zum-25-mal-am-samstag-den-19-03-2016-update","status":"publish","type":"page","link":"https:\/\/rund-um-ascheffel.de\/?page_id=9339","title":{"rendered":"Rund um Ascheffel ; zum 25. Mal ; am Samstag, den 19.03.2016 ; Update !"},"content":{"rendered":"<p><strong>Alles ist prima vorbereitet.<\/strong> 100 Helfer stehen f\u00fcr Euch stramm. Das Wetter wird trocken &#8230; was wollen wir Radsportler mehr ? Ich w\u00fcnsche Euch : Gute Anreise ; und ein erfolgreiches Vollst-Gas-Geballer !<\/p>\n<p>Beachtet das hier bitte -&gt;<\/p>\n<p>Im letzten Jahr : Unz\u00e4hlige weggeworfene Gel- und M\u00fcsli-Papier-Abf\u00e4lle auf der Stra\u00dfe. Stress mit den Anwohnern. <strong>Unterlasst das bitte!<\/strong><\/p>\n<p><span style=\"color: #0000ff;\">Last year, very much rubbish on the road because of thrown away gel-packs. <strong>Cycling etiquette<\/strong><strong>, please.<\/strong> Avoid stress with the residents!<\/span><\/p>\n<p><span style=\"color: #ff0000;\"><strong>Meldeliste<\/strong> <\/span>(klicke auf das Herzog-Sport-Symbol) -&gt;<\/p>\n<p><a href=\"http:\/\/www.herzog-sport.de\/dok_ml\/anzeigenML.php?id_rt=356\" target=\"_blank\"><img loading=\"lazy\" class=\"wp-image-8732 alignleft\" src=\"http:\/\/ascheffel.athletico-buedelsdorf.de\/wp-content\/uploads\/2014\/08\/Logo-Herzog-Sport-300x133.bmp\" alt=\"Logo Herzog-Sport\" width=\"232\" height=\"103\" srcset=\"https:\/\/rund-um-ascheffel.de\/wp-content\/uploads\/2014\/08\/Logo-Herzog-Sport-300x133.bmp 300w, https:\/\/rund-um-ascheffel.de\/wp-content\/uploads\/2014\/08\/Logo-Herzog-Sport.bmp 311w\" sizes=\"(max-width: 232px) 100vw, 232px\" \/><\/a><\/p>\n<p>&nbsp;<\/p>\n<p>&nbsp;<\/p>\n<p>&nbsp;<\/p>\n<p>&nbsp;<\/p>\n<p><strong><span style=\"color: #ff0000;\">Materialwagen = Service cars <\/span><\/strong>(klicke auf das FORD Mondeo-Symbol) -&gt;<\/p>\n<div id=\"attachment_9138\" style=\"width: 232px\" class=\"wp-caption alignleft\"><a href=\"http:\/\/ascheffel.athletico-buedelsdorf.de\/?page_id=9133\" target=\"_blank\"><img aria-describedby=\"caption-attachment-9138\" loading=\"lazy\" class=\" wp-image-9138\" src=\"http:\/\/ascheffel.athletico-buedelsdorf.de\/wp-content\/uploads\/2014\/08\/Mondeo-300x166.jpg\" alt=\"FORD Mondeo\" width=\"222\" height=\"123\" srcset=\"https:\/\/rund-um-ascheffel.de\/wp-content\/uploads\/2014\/08\/Mondeo-300x166.jpg 300w, https:\/\/rund-um-ascheffel.de\/wp-content\/uploads\/2014\/08\/Mondeo.jpg 606w\" sizes=\"(max-width: 222px) 100vw, 222px\" \/><\/a><p id=\"caption-attachment-9138\" class=\"wp-caption-text\">FORD Mondeo<\/p><\/div>\n<p>&nbsp;<\/p>\n<p>&nbsp;<\/p>\n<p>&nbsp;<\/p>\n<p>&nbsp;<\/p>\n<p>&nbsp;<\/p>\n<p>Am Tag darauf dann : <span style=\"color: #ff0000;\"><strong>Giro Nortorf<\/strong><\/span> ; dort gelten Eure Ascheffel-Start- und Rahmen-Nummern NICHT ; Ihr m\u00fc\u00dft sie also nach Eurem Rennen in Ascheffel zur\u00fcckgeben ! &#8211; <span style=\"color: #0000ff;\">On Sunday in Nortorf, you&#8217;ll get new start-numbers! So please return your Ascheffel-startnumbers after your race on Saturday!<\/span><\/p>\n<p><a href=\"http:\/\/www.rsg-mittelpunkt.de\/giro-nortorf\/\" target=\"_blank\"><img loading=\"lazy\" class=\"size-medium wp-image-9166\" src=\"http:\/\/ascheffel.athletico-buedelsdorf.de\/wp-content\/uploads\/2016\/01\/RTEmagicC_Logo_Giro_Nortorf_2013.JPG-300x62.jpg\" alt=\"RSG Mittelpunkt ; Organisation &quot;GIRO Nortorf&quot;\" width=\"300\" height=\"62\" \/><\/a><\/p>\n","protected":false},"excerpt":{"rendered":"<p>Alles ist prima vorbereitet. 100 Helfer stehen f\u00fcr Euch stramm. Das Wetter wird trocken &#8230; was wollen wir Radsportler mehr ? Ich w\u00fcnsche Euch : Gute Anreise ; und ein erfolgreiches Vollst-Gas-Geballer ! Beachtet&#46;&#46;&#46;<\/p>\n","protected":false},"author":2,"featured_media":0,"parent":0,"menu_order":0,"comment_status":"closed","ping_status":"closed","template":"","meta":{"ngg_post_thumbnail":0},"_links":{"self":[{"href":"https:\/\/rund-um-ascheffel.de\/index.php?rest_route=\/wp\/v2\/pages\/9339"}],"collection":[{"href":"https:\/\/rund-um-ascheffel.de\/index.php?rest_route=\/wp\/v2\/pages"}],"about":[{"href":"https:\/\/rund-um-ascheffel.de\/index.php?rest_route=\/wp\/v2\/types\/page"}],"author":[{"embeddable":true,"href":"https:\/\/rund-um-ascheffel.de\/index.php?rest_route=\/wp\/v2\/users\/2"}],"replies":[{"embeddable":true,"href":"https:\/\/rund-um-ascheffel.de\/index.php?rest_route=%2Fwp%2Fv2%2Fcomments&post=9339"}],"version-history":[{"count":3,"href":"https:\/\/rund-um-ascheffel.de\/index.php?rest_route=\/wp\/v2\/pages\/9339\/revisions"}],"predecessor-version":[{"id":9343,"href":"https:\/\/rund-um-ascheffel.de\/index.php?rest_route=\/wp\/v2\/pages\/9339\/revisions\/9343"}],"wp:attachment":[{"href":"https:\/\/rund-um-ascheffel.de\/index.php?rest_route=%2Fwp%2Fv2%2Fmedia&parent=9339"}],"curies":[{"name":"wp","href":"https:\/\/api.w.org\/{rel}","templated":true}]}}