{"id":9352,"date":"2016-03-24T17:42:05","date_gmt":"2016-03-24T15:42:05","guid":{"rendered":"http:\/\/ascheffel.athletico-buedelsdorf.de\/?page_id=9352"},"modified":"2016-03-24T18:09:51","modified_gmt":"2016-03-24T16:09:51","slug":"25-rund-um-ascheffel-so-wars","status":"publish","type":"page","link":"https:\/\/rund-um-ascheffel.de\/?page_id=9352","title":{"rendered":"25. Rund um Ascheffel &#8230; so war\u00b4s"},"content":{"rendered":"<div id=\"attachment_9353\" style=\"width: 171px\" class=\"wp-caption alignleft\"><img aria-describedby=\"caption-attachment-9353\" loading=\"lazy\" class=\" wp-image-9353\" src=\"http:\/\/ascheffel.athletico-buedelsdorf.de\/wp-content\/uploads\/2016\/03\/Ascheffel-2016-Feld-mit-Autos-200x300.jpg\" alt=\"Team Trefor\/DK dominiert\" width=\"161\" height=\"242\" srcset=\"https:\/\/rund-um-ascheffel.de\/wp-content\/uploads\/2016\/03\/Ascheffel-2016-Feld-mit-Autos-200x300.jpg 200w, https:\/\/rund-um-ascheffel.de\/wp-content\/uploads\/2016\/03\/Ascheffel-2016-Feld-mit-Autos-768x1152.jpg 768w, https:\/\/rund-um-ascheffel.de\/wp-content\/uploads\/2016\/03\/Ascheffel-2016-Feld-mit-Autos-683x1024.jpg 683w\" sizes=\"(max-width: 161px) 100vw, 161px\" \/><p id=\"caption-attachment-9353\" class=\"wp-caption-text\">Team Trefor\/DK dominiert<\/p><\/div>\n<p><strong>Video<\/strong> : <a href=\"https:\/\/www.youtube.com\/watch?v=dlnbANW4aGw&amp;feature=youtu.be\" target=\"_blank\">YouTube Ascheffel 2016 B\/C-Rennen<\/a><\/p>\n<p><strong>Video<\/strong> : <a href=\"https:\/\/www.youtube.com\/watch?v=JLnfiW4XajE\" target=\"_blank\">YouTube Ascheffel 2016 Sen.2-Rennen<\/a><\/p>\n<p><strong>Video<\/strong> : <a href=\"https:\/\/www.youtube.com\/watch?v=N9HlotQvZyU\" target=\"_blank\">YouTube Ascheffel 2016 HSG Uni Greifswald<\/a><\/p>\n<p><strong>Video :<\/strong> <a href=\"https:\/\/www.youtube.com\/watch?v=00zA4czK-AY&amp;feature=youtu.be\" target=\"_blank\">Giro Nortorf und Rund um Ascheffel 2016<\/a><\/p>\n<p>Bei trockenem, kurzzeitig sonnigem, 6\u00b0C k\u00fchlem, leicht windigem Wetter konnten wir Euch unsere Jubil\u00e4ums-Ausgabe <strong>&#8222;25. Rund um Ascheffel&#8220;<\/strong> pr\u00e4sentieren. Hoffentlich zu Eurer Zufriedenheit. &#8211; Die Dominanz unserer d\u00e4nischen Nachbarn ist beeindruckend. Von ihrer Leistungsst\u00e4rke und Pr\u00e4senz k\u00f6nnen wir nur lernen. &#8211; 750 Starter ; keine relevanten St\u00fcrze dank der begrenzten Felder ; wir haben nur positive R\u00fcckkopplungen erhalten. &#8211; Kommt gut und erfolgreich durch die Saison !<\/p>\n","protected":false},"excerpt":{"rendered":"<p>Video : YouTube Ascheffel 2016 B\/C-Rennen Video : YouTube Ascheffel 2016 Sen.2-Rennen Video : YouTube Ascheffel 2016 HSG Uni Greifswald Video : Giro Nortorf und Rund um Ascheffel 2016 Bei trockenem, kurzzeitig sonnigem, 6\u00b0C&#46;&#46;&#46;<\/p>\n","protected":false},"author":2,"featured_media":0,"parent":0,"menu_order":0,"comment_status":"closed","ping_status":"closed","template":"","meta":{"ngg_post_thumbnail":0},"_links":{"self":[{"href":"https:\/\/rund-um-ascheffel.de\/index.php?rest_route=\/wp\/v2\/pages\/9352"}],"collection":[{"href":"https:\/\/rund-um-ascheffel.de\/index.php?rest_route=\/wp\/v2\/pages"}],"about":[{"href":"https:\/\/rund-um-ascheffel.de\/index.php?rest_route=\/wp\/v2\/types\/page"}],"author":[{"embeddable":true,"href":"https:\/\/rund-um-ascheffel.de\/index.php?rest_route=\/wp\/v2\/users\/2"}],"replies":[{"embeddable":true,"href":"https:\/\/rund-um-ascheffel.de\/index.php?rest_route=%2Fwp%2Fv2%2Fcomments&post=9352"}],"version-history":[{"count":3,"href":"https:\/\/rund-um-ascheffel.de\/index.php?rest_route=\/wp\/v2\/pages\/9352\/revisions"}],"predecessor-version":[{"id":9359,"href":"https:\/\/rund-um-ascheffel.de\/index.php?rest_route=\/wp\/v2\/pages\/9352\/revisions\/9359"}],"wp:attachment":[{"href":"https:\/\/rund-um-ascheffel.de\/index.php?rest_route=%2Fwp%2Fv2%2Fmedia&parent=9352"}],"curies":[{"name":"wp","href":"https:\/\/api.w.org\/{rel}","templated":true}]}}