{"id":9498,"date":"2017-05-02T10:46:24","date_gmt":"2017-05-02T08:46:24","guid":{"rendered":"http:\/\/ascheffel.athletico-buedelsdorf.de\/?page_id=9498"},"modified":"2017-05-06T08:32:28","modified_gmt":"2017-05-06T06:32:28","slug":"rund-um-ascheffel-nie-mehr-stand-29-04-2017","status":"publish","type":"page","link":"https:\/\/rund-um-ascheffel.de\/?page_id=9498","title":{"rendered":"\u201eRund um Ascheffel\u201c &#8230; nie mehr ? &#8212; Stand 29.04.2017"},"content":{"rendered":"<p><span style=\"color: #ff00ff;\">Nun hat es auch \u201eRund um Ascheffel\u201c erwischt. <strong>Wir k\u00f6nnen sein Sterben nicht verhindern.<\/strong> \u2013 In diesem Jahr habt Ihr praktisch die letzte Chance, diesen wunderbaren Kurs zu erleben. \u2013 Stand : 29.04.2017<\/span><\/p>\n<p><strong>Hier ein paar Infos dazu \u2026<\/strong><\/p>\n<p>\u201eRund um Ascheffel\u201c ist ein Selbstl\u00e4ufer ; \u201eda haben die Organisatoren quasi gar nichts mehr zu machen\u201c. So ein bekannter Tenor in der Radsport-Szene. Und genau so ist es nicht !<\/p>\n<p><strong>Generve drumherum (1)<\/strong><\/p>\n<p>Gibt es endlos. Und jedes Jahr. Immer wieder. Mal sind es die Genehmigungs-Beh\u00f6rden, einige wenige Uniform-Tr\u00e4ger (die meisten sind allerdings v\u00f6llig okay), Anlieger, einige B\u00fcrgermeister, \u201eWutb\u00fcrger\u201c \u2026 der Kreativit\u00e4t sind keine Grenzen gesetzt. x-mal stand die Veranstaltung schon aus diesem Grunde vor dem Aus. Aber unser Elan war da \u2026 Radsportler geben so leicht nicht auf \u2026 und wir haben alle Klippen umschifft.<\/p>\n<p><strong>Generve drumherum (2)<\/strong><\/p>\n<p>Wer glaubt, da\u00df der BDR (Bund Deutscher Radfahrer) alles unternimmt, um dieses radsportliche Highlight in aller Form zu unterst\u00fctzen, sei eines Besseren belehrt. Da gibt es Zw\u00e4nge ohne Ende, viele einfach unsinnig, \u00a7-Reiterei, Eitelkeiten von \u201eWichtigen\u201c (z.B. bestimmten BDR-Kommiss\u00e4ren), die \u201egestern noch\u201c umgesetzt werden m\u00fcssen \u2026 leider auch eine endlose Geschichte.<\/p>\n<p>In diesem Jahr dann der Knaller, da\u00df MEV eigene Landesmeisterschaften durchf\u00fchren will, also aus den Meisterschaften der Nordverb\u00e4nde ausscheidet. Das erfahren wir nicht von MEV, auch nicht vom Landesverband SH, nee \u2026 das erfahren wir so \u201ehintenrum\u201c. Zu einem Zeitpunkt, wo die Vorbereitungen l\u00e4ngst laufen und eigentlich schon in trockenen T\u00fcchern sind. \u2013 Nat\u00fcrlich f\u00fchlen wir uns auf den Schlips getreten, wenn man nicht einmal mit uns redet. Als unwichtigstes Detail der NDM sehen wir uns als Ausrichter der NDM ja nun nicht. \u2013 Zum Gl\u00fcck konnte die Nicht-Teilnahme -teilweise- abgebogen werden, auch dieser Einsatz hat uns Nerven gekostet.<\/p>\n<p><strong>Generve drumherum (3)<\/strong><\/p>\n<p>Der Ort Ascheffel steht leider nicht voll hinter diesem Event. Gen\u00fcgend B\u00fcrger sind vom Trubel angepestet, st\u00f6ren sich, da\u00df \u00fcberall und nirgends geparkt wirkt, da\u00df sie nicht weg k\u00f6nnen wie sie wollen, mit dem Begriff \u201eFreiheitsberaubung\u201c wurden wir h\u00e4ufiger konfrontiert. \u2013 Zum Gl\u00fcck stand der alte B\u00fcrgermeister immer auf unserer Seite, und der neue tut es auch. Vielen Dank an sie. Ohne ihr Verst\u00e4ndnis w\u00e4re unser Rad-Rennen l\u00e4ngst Geschichte. \u2013 Danke auch an die Anwohner, die uns jedes Jahr mitteilen, da\u00df sie sich freuen, \u201eda\u00df nun endlich etwas los ist im Dorf\u201c.<\/p>\n<p><strong>Kosten<\/strong><\/p>\n<p>In der Urzeit haben wir vom Bauhof ein paar Schilder herangeschleppt, einige Euronen gewuppt und alles war schier. \u2013 Dann wechselte die Ordnungsbeh\u00f6rde auf \u201edetaillierte Beschilderung\/Absperrung\u201c, als w\u00fcrde man Olympia ausrichten wollen. Dazu mussten professionelle Aufbauer her, die man z.B. bei Autobahn-Absperrern findet. Peng \u2026 1.500,00 \u20ac \u2013 Dann wechselt in dem Betrieb das Management \u2026 3.500,00 \u20ac \u2026 bei <u>gleicher<\/u> Aufbauleistung. \u2013 Und in diesem Jahr ? Weitere Beschilderung gew\u00fcnscht \u2026 nun liegen wir bei 4.400,00 \u20ac. \u2013 Ihr braucht nur einfach in die Meldeliste gucken und die Nenngelder mit den Sportler-Zahlen multiplizieren. Schon wisst Ihr, da\u00df das finanzielle Minus happig ist ! &#8211; \u00dcbrigens : Die Kosten hat in diesem Jahr der Radsport-Verband Schleswig-Holstein \u00fcbernommen &#8230; komplett. Mit einem Minus im mehrere tausend \u20ac-Bereich !<\/p>\n<p>Und dabei sind Kosten wie Dixi-Klos, Transponder-Miete, Zielauswertung, Parkplatz anheuern, medizinischer Notdienst und \u2026 und \u2026 noch gar nicht ber\u00fccksichtigt.<\/p>\n<p>\u00dcbrigens : ALLE Helfer an\/auf\/neben\/unter der Stecke arbeiten IMMER kostenlos. Wer Begleitauto f\u00e4hrt, zahlt seinen Sprit selbst und kriegt NICHTS erstattet.<\/p>\n<p>Und wenn wir \u201eRund um Ascheffel\u201c als 1.000-Starter-Veranstaltung machen ? Also mit D\u00e4nen, Holl\u00e4ndern, Deutschen aus fernen Bundesl\u00e4ndern \u2026 dann d\u00fcrfen nach BDR-Vorgaben massig Pr\u00e4mien gezahlt werden ; insgesamt &gt;3.000,00 \u20ac.<\/p>\n<p>Somit kostet das Rad-Rennen bummelig 10.000,00-12.000,00 \u20ac. &nbsp;V\u00f6llig krank.<\/p>\n<p>&nbsp;<\/p>\n<p><strong>Organisations-Belastung<\/strong><\/p>\n<p>Ein wochenlanges Drama. Wer kann schon 100 Helfer rekrutieren ? Wir k\u00f6nnen es, weil wir in einem vorbildlichen Verein werkeln. Die Unterst\u00fctzung der Athleticos ist einfach super. Und diejenigen, die f\u00fcr Euch den ganzen Tag Einsatz zeigen, sind vorwiegend Hobby-Sportler. Sie h\u00e4tten allen Grund, dem Lizenz-Sport \u201eMacht man selbst !\u201c zuzurufen. Tun sie aber nicht !<\/p>\n<p>So mancher hat zu Recht nach all den Jahren die Nase voll und m\u00f6chte mal nicht Posten stehen. So mu\u00df man immer neue Leute motivieren, einweisen \u2026 eine Last, die auf folgenden Schultern liegt : Holger Thielen und Manfred Bartsch (Autor).<\/p>\n<p>Und sie wollen einfach nicht mehr. Ersterer ist beruflich sehr gefordert und kann den Wahnsinn zeitlich kaum noch wuppen ; letzterer ist senil und verbraucht und hat nun sein Anrecht er-altert, dass andere einspringen.<\/p>\n<p>Oder eben : <strong>Ascheffel stirbt<\/strong>. \u2013 Unsere Hoffnung, da\u00df jemand unsere Aufgaben \u00fcbernimmt, ist noch nicht dahin ! Denn f\u00fcr 2018 war eigentlich im Hinterkopf : <strong>Doppel-Veranstaltung<\/strong> Ende M\u00e4rz <strong>mit R\u00f8dekro<\/strong> in D\u00e4nemark, gleich hinter der Grenze. Einen Verein, der in Schleswig-Holstein ein gleichwertiges Rennen raushaut, gibt es nicht (mehr). Der \u201eGiro Nortorf\u201c ist als Partner weggebrochen.<\/p>\n<p>&nbsp;<\/p>\n","protected":false},"excerpt":{"rendered":"<p>Nun hat es auch \u201eRund um Ascheffel\u201c erwischt. Wir k\u00f6nnen sein Sterben nicht verhindern. \u2013 In diesem Jahr habt Ihr praktisch die letzte Chance, diesen wunderbaren Kurs zu erleben. \u2013 Stand : 29.04.2017 Hier&#46;&#46;&#46;<\/p>\n","protected":false},"author":2,"featured_media":0,"parent":0,"menu_order":0,"comment_status":"closed","ping_status":"closed","template":"","meta":{"ngg_post_thumbnail":0},"_links":{"self":[{"href":"https:\/\/rund-um-ascheffel.de\/index.php?rest_route=\/wp\/v2\/pages\/9498"}],"collection":[{"href":"https:\/\/rund-um-ascheffel.de\/index.php?rest_route=\/wp\/v2\/pages"}],"about":[{"href":"https:\/\/rund-um-ascheffel.de\/index.php?rest_route=\/wp\/v2\/types\/page"}],"author":[{"embeddable":true,"href":"https:\/\/rund-um-ascheffel.de\/index.php?rest_route=\/wp\/v2\/users\/2"}],"replies":[{"embeddable":true,"href":"https:\/\/rund-um-ascheffel.de\/index.php?rest_route=%2Fwp%2Fv2%2Fcomments&post=9498"}],"version-history":[{"count":3,"href":"https:\/\/rund-um-ascheffel.de\/index.php?rest_route=\/wp\/v2\/pages\/9498\/revisions"}],"predecessor-version":[{"id":9554,"href":"https:\/\/rund-um-ascheffel.de\/index.php?rest_route=\/wp\/v2\/pages\/9498\/revisions\/9554"}],"wp:attachment":[{"href":"https:\/\/rund-um-ascheffel.de\/index.php?rest_route=%2Fwp%2Fv2%2Fmedia&parent=9498"}],"curies":[{"name":"wp","href":"https:\/\/api.w.org\/{rel}","templated":true}]}}