{"id":9528,"date":"2017-05-02T10:56:27","date_gmt":"2017-05-02T08:56:27","guid":{"rendered":"http:\/\/ascheffel.athletico-buedelsdorf.de\/?page_id=9528"},"modified":"2017-05-02T10:56:27","modified_gmt":"2017-05-02T08:56:27","slug":"rund-um-ascheffel-2017-mev-klinkt-sich-teilweise-aus","status":"publish","type":"page","link":"https:\/\/rund-um-ascheffel.de\/?page_id=9528","title":{"rendered":"&#8222;Rund um Ascheffel 2017&#8220; &#8211; MEV klinkt sich (teilweise) aus"},"content":{"rendered":"<p>\u2026<\/p>\n<p><strong>Bedauerlicherweise<\/strong> hat sich <strong>Mecklenburg-Vorpommern<\/strong> aus unserem Radrennen teilweise <strong>ausgeklinkt<\/strong> ; unter \u201eAmtliche\u201c auf der BDR-Homepage \u2026<\/p>\n<p><span class=\"detail\">Bekanntmachung des Landesverbands Mecklenburg-Vorpommern*<br \/>\n<\/span><span class=\"detail\">Schwerin, 28. M\u00e4rz 2017<br \/>\n<\/span><span class=\"detailbold\">Landesmeisterschaften im Einer-Stra\u00dfenfahren und Einzelzeitfahren 2017<\/span><\/p>\n<p><span class=\"detail\">F\u00fcr die Landesmeisterschaften im Einer-Stra\u00dfenfahren und Einzelzeitfahren 2017 gelten folgende Regelungen:<\/span><\/p>\n<p>Die LV-Meisterschaften im Einer-Stra\u00dfenfahren U19, Elite und den Seniorenklassen werden am 29.04. in Ascheffel (SCH) im Rahmen der Meisterschaft der Nordverb\u00e4nde ausgetragen.<\/p>\n<p>Am 06.05. werden die Landesmeister im Einzelzeitfahren in allen Klassen in Siggelkow bei Parchim ermittelt.<\/p>\n<p>Am 07.05. finden in Parchim die Landesmeisterschaften im Einer-Stra\u00dfenfahren f\u00fcr alle weiblichen Klassen und f\u00fcr die m\u00e4nnlichen Nachwuchsklassen U11-U17 auf einer 3,2 km langen Runde im Gewerbegebiet statt.<\/p>\n<p>Ein Start von Sportlern aus MEV bei den Meisterschaften der Nordverb\u00e4nde am 29. und 30.04. ist auch in den Klassen m\u00f6glich, in denen es nicht um die LV-Meisterschaft geht.<\/p>\n<p>gez.:<br \/>\n<i>E. Eichberg, LV-Trainer; Andr\u00e8. Quaisser, Vizepr\u00e4sident Organisation<\/i><\/p>\n<p><strong>Eine (freundlich ausgedr\u00fcckt) ungl\u00fcckliche Entscheidung. Unseres Erachtens der Sache \u201eMeisterschaft der Nordverb\u00e4nde incl. Meisterschaft jedes Landesverbandes\u201c nicht dienlich.<\/strong><\/p>\n","protected":false},"excerpt":{"rendered":"<p>\u2026 Bedauerlicherweise hat sich Mecklenburg-Vorpommern aus unserem Radrennen teilweise ausgeklinkt ; unter \u201eAmtliche\u201c auf der BDR-Homepage \u2026 Bekanntmachung des Landesverbands Mecklenburg-Vorpommern* Schwerin, 28. M\u00e4rz 2017 Landesmeisterschaften im Einer-Stra\u00dfenfahren und Einzelzeitfahren 2017 F\u00fcr die Landesmeisterschaften&#46;&#46;&#46;<\/p>\n","protected":false},"author":2,"featured_media":0,"parent":0,"menu_order":0,"comment_status":"closed","ping_status":"closed","template":"","meta":{"ngg_post_thumbnail":0},"_links":{"self":[{"href":"https:\/\/rund-um-ascheffel.de\/index.php?rest_route=\/wp\/v2\/pages\/9528"}],"collection":[{"href":"https:\/\/rund-um-ascheffel.de\/index.php?rest_route=\/wp\/v2\/pages"}],"about":[{"href":"https:\/\/rund-um-ascheffel.de\/index.php?rest_route=\/wp\/v2\/types\/page"}],"author":[{"embeddable":true,"href":"https:\/\/rund-um-ascheffel.de\/index.php?rest_route=\/wp\/v2\/users\/2"}],"replies":[{"embeddable":true,"href":"https:\/\/rund-um-ascheffel.de\/index.php?rest_route=%2Fwp%2Fv2%2Fcomments&post=9528"}],"version-history":[{"count":1,"href":"https:\/\/rund-um-ascheffel.de\/index.php?rest_route=\/wp\/v2\/pages\/9528\/revisions"}],"predecessor-version":[{"id":9529,"href":"https:\/\/rund-um-ascheffel.de\/index.php?rest_route=\/wp\/v2\/pages\/9528\/revisions\/9529"}],"wp:attachment":[{"href":"https:\/\/rund-um-ascheffel.de\/index.php?rest_route=%2Fwp%2Fv2%2Fmedia&parent=9528"}],"curies":[{"name":"wp","href":"https:\/\/api.w.org\/{rel}","templated":true}]}}