{"id":9683,"date":"2018-01-22T10:11:45","date_gmt":"2018-01-22T08:11:45","guid":{"rendered":"http:\/\/ascheffel.athletico-buedelsdorf.de\/?page_id=9683"},"modified":"2020-02-21T12:11:20","modified_gmt":"2020-02-21T10:11:20","slug":"rodekro-allgemeine-informationen","status":"publish","type":"page","link":"https:\/\/rund-um-ascheffel.de\/?page_id=9683","title":{"rendered":"R\u00f8dekro, allgemeine Informationen"},"content":{"rendered":"\n<figure class=\"wp-block-image is-resized\"><img loading=\"lazy\" src=\"http:\/\/ascheffel.athletico-buedelsdorf.de\/wp-content\/uploads\/2020\/01\/Screenshot_2020-01-24-Tilmelding-1024x150.png\" alt=\"\" class=\"wp-image-12081\" width=\"912\" height=\"133\" srcset=\"https:\/\/rund-um-ascheffel.de\/wp-content\/uploads\/2020\/01\/Screenshot_2020-01-24-Tilmelding-1024x150.png 1024w, https:\/\/rund-um-ascheffel.de\/wp-content\/uploads\/2020\/01\/Screenshot_2020-01-24-Tilmelding-300x44.png 300w, https:\/\/rund-um-ascheffel.de\/wp-content\/uploads\/2020\/01\/Screenshot_2020-01-24-Tilmelding-768x113.png 768w, https:\/\/rund-um-ascheffel.de\/wp-content\/uploads\/2020\/01\/Screenshot_2020-01-24-Tilmelding.png 1560w\" sizes=\"(max-width: 912px) 100vw, 912px\" \/><figcaption><strong><a href=\"https:\/\/www.cyklingdanmark.dk\/tilmelding\" target=\"_blank\" rel=\"noreferrer noopener\" aria-label=\"Homepage D\u00e4nischer Radsportverband DCU (\u00f6ffnet in neuem Tab)\">Homepage D\u00e4nischer Radsportverband DCU<\/a><\/strong><\/figcaption><\/figure>\n\n\n<h3><span style=\"color: #ff0000;\"><strong>Informationen f\u00fcr deutsche Starter <\/strong><strong><br><\/strong><\/span><\/h3>\n<h6><strong>R\u00f8dekro <\/strong>: Rennen f\u00fcr Lizenz-Inhaber, aber auch f\u00fcr Hobbys (in DK : MOTION genannt) !<\/h6>\n<p>Die d\u00e4nischen Radrennen (wir Schleswig-Holsteiner starten dort regelm\u00e4\u00dfig) sind immer perfekt organisiert und reizvoll ; denn es geht quasi nie &#8222;Rund um die Dorfkirche&#8220;, sondern es handelt sich stets um richtige Stra\u00dfenrennen mit Runden von 15 bis 35 km. Dabei sind im angeblich flachen D\u00e4nemark b\u00f6se Rampen eingebaut, die einem so manchen Zahn ziehen.<\/p>\n<p>In <strong>R\u00f8dekro<\/strong> ist der Start-Ziel-Bereich flach (tolle lange Zielgerade), aber im letzten Viertel des Kurses (24,1 km pro Runde) geht es \u00fcber einen kr\u00e4fteraubenden H\u00fcgel (&#8222;Hundeklemm&#8220;), den man nicht untersch\u00e4tzen darf.<\/p>\n<p><a href=\"http:\/\/www.rkcc.dk\/\" target=\"_blank\" rel=\"noopener noreferrer\"><img loading=\"lazy\" class=\"alignleft size-medium wp-image-9588\" src=\"http:\/\/ascheffel.athletico-buedelsdorf.de\/wp-content\/uploads\/2016\/03\/coverbilledeaugsrcsetlarge_srcset-large-300x100.png\" alt=\"\" width=\"300\" height=\"100\" srcset=\"https:\/\/rund-um-ascheffel.de\/wp-content\/uploads\/2016\/03\/coverbilledeaugsrcsetlarge_srcset-large-300x100.png 300w, https:\/\/rund-um-ascheffel.de\/wp-content\/uploads\/2016\/03\/coverbilledeaugsrcsetlarge_srcset-large-768x256.png 768w, https:\/\/rund-um-ascheffel.de\/wp-content\/uploads\/2016\/03\/coverbilledeaugsrcsetlarge_srcset-large.png 900w\" sizes=\"(max-width: 300px) 100vw, 300px\" \/><\/a><a href=\"http:\/\/www.rkcc.dk\" target=\"_blank\" rel=\"noopener noreferrer\"><strong>Homepage des gastgebenden Vereins<\/strong><\/a><\/p>\n<p><a href=\"http:\/\/ascheffel.athletico-buedelsdorf.de\/?page_id=9647\" target=\"_blank\" rel=\"noopener noreferrer\"><strong>So geht die Anmeldung dort&nbsp;<\/strong><\/a><\/p>\n<p>Das Niveau der d\u00e4nischen Stra\u00dfenfahrer ist hoch. &#8211; Wer gegen sie startet, sollte sich warm anziehen.<\/p>\n<p>Mylaps-<strong>Transponder<\/strong> (in DK Chip genannt) werden fl\u00e4chendeckend eingesetzt ; <strong>jeder D\u00e4ne besitzt einen<\/strong>, selbst in den Jugendklassen ! Da haben wir Deutschen erheblichen Nachholbedarf. Dank fehlender Verpflichtung seitens des BDR, da\u00df gef\u00e4lligst jeder Lizenz-Fahrer so ein Ding vorhalten mu\u00df, leben wir in unserem L\u00e4ndle weiter im elektronischen Mittelalter und qu\u00e4len die Veranstalter, hunderte davon vorzuhalten. Wir in Ascheffel k\u00f6nnen ein (negatives) Lied davon singen. Vielleicht hilft unsere d\u00e4nisch-deutsche Doppel-Veranstaltung, endlich einmal das Bewu\u00dftsein zu sch\u00e4rfen, sich einen Transponder zuzulegen. Zu beziehen sind sie \u00fcber <strong><a href=\"http:\/\/www.dsergebnis.de\" target=\"_blank\" rel=\"noopener noreferrer\">Daniel Schumacher<\/a> <\/strong>&#8211; Nun macht einfach mal !<\/p>\n<p>Eure Teilnahme an \u201eRund um Ascheffel\u201c <strong>und<\/strong> am R\u00f8dekro-Radrennen ist erw\u00fcnscht. Jeder Doppelstart rettet jedes einzelne Spektakel. Und attraktiv sind sie beide allemal.<\/p>","protected":false},"excerpt":{"rendered":"<p>Informationen f\u00fcr deutsche Starter R\u00f8dekro : Rennen f\u00fcr Lizenz-Inhaber, aber auch f\u00fcr Hobbys (in DK : MOTION genannt) ! Die d\u00e4nischen Radrennen (wir Schleswig-Holsteiner starten dort regelm\u00e4\u00dfig) sind immer perfekt organisiert und reizvoll ;&#46;&#46;&#46;<\/p>\n","protected":false},"author":2,"featured_media":0,"parent":0,"menu_order":0,"comment_status":"closed","ping_status":"closed","template":"","meta":{"ngg_post_thumbnail":0},"_links":{"self":[{"href":"https:\/\/rund-um-ascheffel.de\/index.php?rest_route=\/wp\/v2\/pages\/9683"}],"collection":[{"href":"https:\/\/rund-um-ascheffel.de\/index.php?rest_route=\/wp\/v2\/pages"}],"about":[{"href":"https:\/\/rund-um-ascheffel.de\/index.php?rest_route=\/wp\/v2\/types\/page"}],"author":[{"embeddable":true,"href":"https:\/\/rund-um-ascheffel.de\/index.php?rest_route=\/wp\/v2\/users\/2"}],"replies":[{"embeddable":true,"href":"https:\/\/rund-um-ascheffel.de\/index.php?rest_route=%2Fwp%2Fv2%2Fcomments&post=9683"}],"version-history":[{"count":18,"href":"https:\/\/rund-um-ascheffel.de\/index.php?rest_route=\/wp\/v2\/pages\/9683\/revisions"}],"predecessor-version":[{"id":12164,"href":"https:\/\/rund-um-ascheffel.de\/index.php?rest_route=\/wp\/v2\/pages\/9683\/revisions\/12164"}],"wp:attachment":[{"href":"https:\/\/rund-um-ascheffel.de\/index.php?rest_route=%2Fwp%2Fv2%2Fmedia&parent=9683"}],"curies":[{"name":"wp","href":"https:\/\/api.w.org\/{rel}","templated":true}]}}